{"id":10,"date":"2020-04-02T00:15:17","date_gmt":"2020-04-02T00:15:17","guid":{"rendered":"http:\/\/apassantafe.com.ar\/site\/?page_id=10"},"modified":"2025-06-02T15:03:17","modified_gmt":"2025-06-02T15:03:17","slug":"examen","status":"publish","type":"page","link":"https:\/\/apassantafe.com.ar\/site\/examen\/","title":{"rendered":"EXAMEN"},"content":{"rendered":"\t\t<div data-elementor-type=\"wp-page\" data-elementor-id=\"10\" class=\"elementor elementor-10\">\n\t\t\t\t\t\t<section class=\"elementor-section elementor-top-section elementor-element elementor-element-d04c361 elementor-section-boxed elementor-section-height-default elementor-section-height-default\" data-id=\"d04c361\" data-element_type=\"section\" data-e-type=\"section\">\n\t\t\t\t\t\t<div class=\"elementor-container elementor-column-gap-default\">\n\t\t\t\t\t<div class=\"elementor-column elementor-col-100 elementor-top-column elementor-element elementor-element-5a4d0626\" data-id=\"5a4d0626\" data-element_type=\"column\" data-e-type=\"column\">\n\t\t\t<div class=\"elementor-widget-wrap elementor-element-populated\">\n\t\t\t\t\t\t<div class=\"elementor-element elementor-element-19b5aba7 elementor-widget elementor-widget-text-editor\" data-id=\"19b5aba7\" data-element_type=\"widget\" data-e-type=\"widget\" data-widget_type=\"text-editor.default\">\n\t\t\t\t<div class=\"elementor-widget-container\">\n\t\t\t\t\t\t\t\t\t\n<div class=\"wp-block-group has-very-light-gray-background-color has-background\"><div class=\"wp-block-group__inner-container is-layout-flow wp-block-group-is-layout-flow\">\n<h3 class=\"wp-block-heading\">&gt; EXAMEN DE COMPETENCIA<\/h3>\n\n\n\n<p>Para obtener la matr\u00edcula de Productor Asesor de Seguros se debe aprobar un examen ante la Superintendencia de Seguros de la Naci\u00f3n y el Ente Cooperador Ley 22.400.<\/p>\n\n\n\n<p>El aspirante que haya completado y aprobado alguno de los cursos autorizados obtendr\u00e1 la condici\u00f3n de Regular y podr\u00e1 inscribirse al Examen de Competencia para la obtenci\u00f3n o ampliaci\u00f3n de la matr\u00edcula de Productor Asesor de Seguros.<\/p>\n\n\n\n<p>Para ello deber\u00e1 acercarse con la documentaci\u00f3n solicitada a APAS SANTA FE.<\/p>\n\n\n\n<p>Los Requisitos de Inscripci\u00f3n se pueden descargar en el siguiente link: <a rel=\"noreferrer noopener\" href=\"https:\/\/www.enteley22400.org.ar\/ia\/examenes\/overview_examenes.html#\" target=\"_blank\">ver requisitos<\/a><\/p>\n<\/div><\/div>\n\t\t\t\t\t\t\t\t<\/div>\n\t\t\t\t<\/div>\n\t\t\t\t\t<\/div>\n\t\t<\/div>\n\t\t\t\t\t<\/div>\n\t\t<\/section>\n\t\t\t\t<section class=\"elementor-section elementor-top-section elementor-element elementor-element-63bac09e elementor-section-boxed elementor-section-height-default elementor-section-height-default\" data-id=\"63bac09e\" data-element_type=\"section\" data-e-type=\"section\">\n\t\t\t\t\t\t<div class=\"elementor-container elementor-column-gap-default\">\n\t\t\t\t\t<div class=\"elementor-column elementor-col-100 elementor-top-column elementor-element elementor-element-42f5d530\" data-id=\"42f5d530\" data-element_type=\"column\" data-e-type=\"column\">\n\t\t\t<div class=\"elementor-widget-wrap elementor-element-populated\">\n\t\t\t\t\t\t<div class=\"elementor-element elementor-element-2d17c55d elementor-widget elementor-widget-image\" data-id=\"2d17c55d\" data-element_type=\"widget\" data-e-type=\"widget\" data-widget_type=\"image.default\">\n\t\t\t\t<div class=\"elementor-widget-container\">\n\t\t\t\t\t\t\t\t\t\t\t\t\t\t\t\t<a href=\"https:\/\/apassantafe.com.ar\/site\/pas\/\">\n\t\t\t\t\t\t\t<img fetchpriority=\"high\" decoding=\"async\" width=\"1120\" height=\"120\" src=\"https:\/\/apassantafe.com.ar\/site\/wp-content\/uploads\/2020\/10\/busca-tu-pas.jpg\" class=\"attachment-full size-full wp-image-1259\" alt=\"\" srcset=\"https:\/\/apassantafe.com.ar\/site\/wp-content\/uploads\/2020\/10\/busca-tu-pas.jpg 1120w, https:\/\/apassantafe.com.ar\/site\/wp-content\/uploads\/2020\/10\/busca-tu-pas-300x32.jpg 300w, https:\/\/apassantafe.com.ar\/site\/wp-content\/uploads\/2020\/10\/busca-tu-pas-1024x110.jpg 1024w, https:\/\/apassantafe.com.ar\/site\/wp-content\/uploads\/2020\/10\/busca-tu-pas-768x82.jpg 768w, https:\/\/apassantafe.com.ar\/site\/wp-content\/uploads\/2020\/10\/busca-tu-pas-830x89.jpg 830w, https:\/\/apassantafe.com.ar\/site\/wp-content\/uploads\/2020\/10\/busca-tu-pas-230x25.jpg 230w\" sizes=\"(max-width: 1120px) 100vw, 1120px\" \/>\t\t\t\t\t\t\t\t<\/a>\n\t\t\t\t\t\t\t\t\t\t\t\t\t\t\t<\/div>\n\t\t\t\t<\/div>\n\t\t\t\t\t<\/div>\n\t\t<\/div>\n\t\t\t\t\t<\/div>\n\t\t<\/section>\n\t\t\t\t<section class=\"elementor-section elementor-top-section elementor-element elementor-element-78fceef2 elementor-section-boxed elementor-section-height-default elementor-section-height-default\" data-id=\"78fceef2\" data-element_type=\"section\" data-e-type=\"section\">\n\t\t\t\t\t\t<div class=\"elementor-container elementor-column-gap-default\">\n\t\t\t\t\t<div class=\"elementor-column elementor-col-100 elementor-top-column elementor-element elementor-element-5ebbaef5\" data-id=\"5ebbaef5\" data-element_type=\"column\" data-e-type=\"column\">\n\t\t\t<div class=\"elementor-widget-wrap elementor-element-populated\">\n\t\t\t\t\t\t<div class=\"elementor-element elementor-element-243e0504 elementor-arrows-position-outside elementor-widget__width-inherit elementor-widget elementor-widget-image-carousel\" data-id=\"243e0504\" data-element_type=\"widget\" data-e-type=\"widget\" data-settings=\"{&quot;slides_to_show&quot;:&quot;2&quot;,&quot;slides_to_scroll&quot;:&quot;2&quot;,&quot;navigation&quot;:&quot;arrows&quot;,&quot;autoplay_speed&quot;:3000,&quot;speed&quot;:2000,&quot;image_spacing_custom&quot;:{&quot;unit&quot;:&quot;px&quot;,&quot;size&quot;:35,&quot;sizes&quot;:[]},&quot;_animation&quot;:&quot;none&quot;,&quot;autoplay&quot;:&quot;yes&quot;,&quot;pause_on_hover&quot;:&quot;yes&quot;,&quot;pause_on_interaction&quot;:&quot;yes&quot;,&quot;infinite&quot;:&quot;yes&quot;,&quot;image_spacing_custom_tablet&quot;:{&quot;unit&quot;:&quot;px&quot;,&quot;size&quot;:&quot;&quot;,&quot;sizes&quot;:[]},&quot;image_spacing_custom_mobile&quot;:{&quot;unit&quot;:&quot;px&quot;,&quot;size&quot;:&quot;&quot;,&quot;sizes&quot;:[]}}\" data-widget_type=\"image-carousel.default\">\n\t\t\t\t<div class=\"elementor-widget-container\">\n\t\t\t\t\t\t\t<div class=\"elementor-image-carousel-wrapper swiper\" role=\"region\" aria-roledescription=\"carousel\" aria-label=\"Carrusel de im\u00e1genes\" dir=\"ltr\">\n\t\t\t<div class=\"elementor-image-carousel swiper-wrapper\" aria-live=\"off\">\n\t\t\t\t\t\t\t\t<div class=\"swiper-slide\" role=\"group\" aria-roledescription=\"slide\" aria-label=\"1 de 6\"><figure class=\"swiper-slide-inner\"><img decoding=\"async\" class=\"swiper-slide-image\" src=\"https:\/\/apassantafe.com.ar\/site\/wp-content\/uploads\/2025\/05\/2.png\" alt=\"2\" \/><\/figure><\/div><div class=\"swiper-slide\" role=\"group\" aria-roledescription=\"slide\" aria-label=\"2 de 6\"><figure class=\"swiper-slide-inner\"><img decoding=\"async\" class=\"swiper-slide-image\" src=\"https:\/\/apassantafe.com.ar\/site\/wp-content\/uploads\/2024\/02\/3-3.jpg\" alt=\"3\" \/><\/figure><\/div><div class=\"swiper-slide\" role=\"group\" aria-roledescription=\"slide\" aria-label=\"3 de 6\"><figure class=\"swiper-slide-inner\"><img decoding=\"async\" class=\"swiper-slide-image\" src=\"https:\/\/apassantafe.com.ar\/site\/wp-content\/uploads\/2024\/02\/4-3.jpg\" alt=\"4\" \/><\/figure><\/div><div class=\"swiper-slide\" role=\"group\" aria-roledescription=\"slide\" aria-label=\"4 de 6\"><figure class=\"swiper-slide-inner\"><img decoding=\"async\" class=\"swiper-slide-image\" src=\"https:\/\/apassantafe.com.ar\/site\/wp-content\/uploads\/2025\/05\/3.png\" alt=\"3\" \/><\/figure><\/div><div class=\"swiper-slide\" role=\"group\" aria-roledescription=\"slide\" aria-label=\"5 de 6\"><figure class=\"swiper-slide-inner\"><img decoding=\"async\" class=\"swiper-slide-image\" src=\"https:\/\/apassantafe.com.ar\/site\/wp-content\/uploads\/2024\/03\/banners.png\" alt=\"banners\" \/><\/figure><\/div><div class=\"swiper-slide\" role=\"group\" aria-roledescription=\"slide\" aria-label=\"6 de 6\"><figure class=\"swiper-slide-inner\"><img decoding=\"async\" class=\"swiper-slide-image\" src=\"https:\/\/apassantafe.com.ar\/site\/wp-content\/uploads\/2025\/06\/Previnca-Marca-Original-CMYK.pdf.jpg\" alt=\"Previnca-Marca-Original-CMYK.pdf\" \/><\/figure><\/div>\t\t\t<\/div>\n\t\t\t\t\t\t\t\t\t\t\t\t<div class=\"elementor-swiper-button elementor-swiper-button-prev\" role=\"button\" tabindex=\"0\">\n\t\t\t\t\t\t<i aria-hidden=\"true\" class=\"eicon-chevron-left\"><\/i>\t\t\t\t\t<\/div>\n\t\t\t\t\t<div class=\"elementor-swiper-button elementor-swiper-button-next\" role=\"button\" tabindex=\"0\">\n\t\t\t\t\t\t<i aria-hidden=\"true\" class=\"eicon-chevron-right\"><\/i>\t\t\t\t\t<\/div>\n\t\t\t\t\n\t\t\t\t\t\t\t\t\t<\/div>\n\t\t\t\t\t\t<\/div>\n\t\t\t\t<\/div>\n\t\t\t\t\t<\/div>\n\t\t<\/div>\n\t\t\t\t\t<\/div>\n\t\t<\/section>\n\t\t\t\t<section class=\"elementor-section elementor-top-section elementor-element elementor-element-43ff39e3 elementor-section-boxed elementor-section-height-default elementor-section-height-default\" data-id=\"43ff39e3\" data-element_type=\"section\" data-e-type=\"section\">\n\t\t\t\t\t\t<div class=\"elementor-container elementor-column-gap-default\">\n\t\t\t\t\t<div class=\"elementor-column elementor-col-100 elementor-top-column elementor-element elementor-element-3365400\" data-id=\"3365400\" data-element_type=\"column\" data-e-type=\"column\">\n\t\t\t<div class=\"elementor-widget-wrap elementor-element-populated\">\n\t\t\t\t\t\t<div class=\"elementor-element elementor-element-2ded2f1c elementor-widget elementor-widget-image\" data-id=\"2ded2f1c\" data-element_type=\"widget\" data-e-type=\"widget\" data-widget_type=\"image.default\">\n\t\t\t\t<div class=\"elementor-widget-container\">\n\t\t\t\t\t\t\t\t\t\t\t\t\t\t\t\t<a href=\"https:\/\/apassantafe.com.ar\/site\/wp-content\/uploads\/2021\/06\/productores-asesores-santafe.pdf\">\n\t\t\t\t\t\t\t<img decoding=\"async\" width=\"1120\" height=\"60\" src=\"https:\/\/apassantafe.com.ar\/site\/wp-content\/uploads\/2020\/10\/creedicoop-banner-solo.jpg\" class=\"attachment-full size-full wp-image-631\" alt=\"credicoop-banner\" srcset=\"https:\/\/apassantafe.com.ar\/site\/wp-content\/uploads\/2020\/10\/creedicoop-banner-solo.jpg 1120w, https:\/\/apassantafe.com.ar\/site\/wp-content\/uploads\/2020\/10\/creedicoop-banner-solo-300x16.jpg 300w, https:\/\/apassantafe.com.ar\/site\/wp-content\/uploads\/2020\/10\/creedicoop-banner-solo-1024x55.jpg 1024w, https:\/\/apassantafe.com.ar\/site\/wp-content\/uploads\/2020\/10\/creedicoop-banner-solo-768x41.jpg 768w, https:\/\/apassantafe.com.ar\/site\/wp-content\/uploads\/2020\/10\/creedicoop-banner-solo-830x44.jpg 830w, https:\/\/apassantafe.com.ar\/site\/wp-content\/uploads\/2020\/10\/creedicoop-banner-solo-230x12.jpg 230w\" sizes=\"(max-width: 1120px) 100vw, 1120px\" \/>\t\t\t\t\t\t\t\t<\/a>\n\t\t\t\t\t\t\t\t\t\t\t\t\t\t\t<\/div>\n\t\t\t\t<\/div>\n\t\t\t\t\t<\/div>\n\t\t<\/div>\n\t\t\t\t\t<\/div>\n\t\t<\/section>\n\t\t\t\t<\/div>\n\t\t","protected":false},"excerpt":{"rendered":"<p>&gt; EXAMEN DE COMPETENCIA Para obtener la matr\u00edcula de Productor Asesor de Seguros se debe aprobar un examen ante la Superintendencia de Seguros de la Naci\u00f3n y el Ente Cooperador Ley 22.400. El aspirante que haya completado y aprobado alguno de los cursos autorizados obtendr\u00e1 la condici\u00f3n de Regular y podr\u00e1 inscribirse al Examen de &#8230;.&nbsp;&nbsp;<a class=\" special\" href=\"https:\/\/apassantafe.com.ar\/site\/examen\/\">Read More<\/a><\/p>\n","protected":false},"author":1,"featured_media":0,"parent":0,"menu_order":0,"comment_status":"closed","ping_status":"closed","template":"","meta":{"footnotes":""},"class_list":["post-10","page","type-page","status-publish","hentry"],"_links":{"self":[{"href":"https:\/\/apassantafe.com.ar\/site\/wp-json\/wp\/v2\/pages\/10","targetHints":{"allow":["GET"]}}],"collection":[{"href":"https:\/\/apassantafe.com.ar\/site\/wp-json\/wp\/v2\/pages"}],"about":[{"href":"https:\/\/apassantafe.com.ar\/site\/wp-json\/wp\/v2\/types\/page"}],"author":[{"embeddable":true,"href":"https:\/\/apassantafe.com.ar\/site\/wp-json\/wp\/v2\/users\/1"}],"replies":[{"embeddable":true,"href":"https:\/\/apassantafe.com.ar\/site\/wp-json\/wp\/v2\/comments?post=10"}],"version-history":[{"count":54,"href":"https:\/\/apassantafe.com.ar\/site\/wp-json\/wp\/v2\/pages\/10\/revisions"}],"predecessor-version":[{"id":1789,"href":"https:\/\/apassantafe.com.ar\/site\/wp-json\/wp\/v2\/pages\/10\/revisions\/1789"}],"wp:attachment":[{"href":"https:\/\/apassantafe.com.ar\/site\/wp-json\/wp\/v2\/media?parent=10"}],"curies":[{"name":"wp","href":"https:\/\/api.w.org\/{rel}","templated":true}]}}