{"id":11,"date":"2020-04-02T00:15:17","date_gmt":"2020-04-02T00:15:17","guid":{"rendered":"http:\/\/apassantafe.com.ar\/site\/?page_id=11"},"modified":"2025-06-02T15:01:51","modified_gmt":"2025-06-02T15:01:51","slug":"aspirantes","status":"publish","type":"page","link":"https:\/\/apassantafe.com.ar\/site\/aspirantes\/","title":{"rendered":"ASPIRANTES"},"content":{"rendered":"\t\t<div data-elementor-type=\"wp-page\" data-elementor-id=\"11\" class=\"elementor elementor-11\">\n\t\t\t\t\t\t<section class=\"elementor-section elementor-top-section elementor-element elementor-element-33d658bb elementor-section-boxed elementor-section-height-default elementor-section-height-default\" data-id=\"33d658bb\" data-element_type=\"section\" data-e-type=\"section\">\n\t\t\t\t\t\t<div class=\"elementor-container elementor-column-gap-default\">\n\t\t\t\t\t<div class=\"elementor-column elementor-col-100 elementor-top-column elementor-element elementor-element-625b4631\" data-id=\"625b4631\" data-element_type=\"column\" data-e-type=\"column\">\n\t\t\t<div class=\"elementor-widget-wrap elementor-element-populated\">\n\t\t\t\t\t\t<div class=\"elementor-element elementor-element-286b9968 elementor-widget elementor-widget-text-editor\" data-id=\"286b9968\" data-element_type=\"widget\" data-e-type=\"widget\" data-widget_type=\"text-editor.default\">\n\t\t\t\t<div class=\"elementor-widget-container\">\n\t\t\t\t\t\t\t\t\t<p><\/p>\n<h3 class=\"wp-block-heading\">&gt; ASPIRANTES<\/h3>\n<p><\/p>\n<p><\/p>\n<h4 class=\"wp-block-heading\">Curso de Capacitaci\u00f3n para Aspirantes a Productor Asesor de Seguros.<\/h4>\n<p><\/p>\n<p><\/p>\n<p><strong>Modalidad Regular:<\/strong><\/p>\n<p><\/p>\n<p><\/p>\n<p>Por la Resoluci\u00f3n N \u00ba 29.968 de 2004, APAS SANTA FE est\u00e1 autorizada por la Superintendencia de Seguros de la Naci\u00f3n a dictar el Programa de Capacitaci\u00f3n para Aspirantes a Productor Asesor de Seguros.<\/p>\n<p><\/p>\n<p><\/p>\n<p>En caso de estar interesado en los Cursos de Productor Asesor de Seguros, enviar un email a <a href=\"mailto:apassantafe@gmail.com?subject=Curso para Aspirantes a PAS\" target=\"_blank\" rel=\"noreferrer noopener\">apassantafe@gmail.com<\/a>.<\/p>\n<p><\/p>\n<p><\/p>\t\t\t\t\t\t\t\t<\/div>\n\t\t\t\t<\/div>\n\t\t\t\t\t<\/div>\n\t\t<\/div>\n\t\t\t\t\t<\/div>\n\t\t<\/section>\n\t\t\t\t<section class=\"elementor-section elementor-top-section elementor-element elementor-element-4bdff55b elementor-section-boxed elementor-section-height-default elementor-section-height-default\" data-id=\"4bdff55b\" data-element_type=\"section\" data-e-type=\"section\">\n\t\t\t\t\t\t<div class=\"elementor-container elementor-column-gap-default\">\n\t\t\t\t\t<div class=\"elementor-column elementor-col-100 elementor-top-column elementor-element elementor-element-2f265bed\" data-id=\"2f265bed\" data-element_type=\"column\" data-e-type=\"column\">\n\t\t\t<div class=\"elementor-widget-wrap elementor-element-populated\">\n\t\t\t\t\t\t<div class=\"elementor-element elementor-element-61798777 elementor-widget elementor-widget-image\" data-id=\"61798777\" data-element_type=\"widget\" data-e-type=\"widget\" data-widget_type=\"image.default\">\n\t\t\t\t<div class=\"elementor-widget-container\">\n\t\t\t\t\t\t\t\t\t\t\t\t\t\t\t\t<a href=\"https:\/\/apassantafe.com.ar\/site\/pas\/\">\n\t\t\t\t\t\t\t<img fetchpriority=\"high\" decoding=\"async\" width=\"1120\" height=\"120\" src=\"https:\/\/apassantafe.com.ar\/site\/wp-content\/uploads\/2020\/10\/busca-tu-pas.jpg\" class=\"attachment-full size-full wp-image-1259\" alt=\"\" srcset=\"https:\/\/apassantafe.com.ar\/site\/wp-content\/uploads\/2020\/10\/busca-tu-pas.jpg 1120w, https:\/\/apassantafe.com.ar\/site\/wp-content\/uploads\/2020\/10\/busca-tu-pas-300x32.jpg 300w, https:\/\/apassantafe.com.ar\/site\/wp-content\/uploads\/2020\/10\/busca-tu-pas-1024x110.jpg 1024w, https:\/\/apassantafe.com.ar\/site\/wp-content\/uploads\/2020\/10\/busca-tu-pas-768x82.jpg 768w, https:\/\/apassantafe.com.ar\/site\/wp-content\/uploads\/2020\/10\/busca-tu-pas-830x89.jpg 830w, https:\/\/apassantafe.com.ar\/site\/wp-content\/uploads\/2020\/10\/busca-tu-pas-230x25.jpg 230w\" sizes=\"(max-width: 1120px) 100vw, 1120px\" \/>\t\t\t\t\t\t\t\t<\/a>\n\t\t\t\t\t\t\t\t\t\t\t\t\t\t\t<\/div>\n\t\t\t\t<\/div>\n\t\t\t\t\t<\/div>\n\t\t<\/div>\n\t\t\t\t\t<\/div>\n\t\t<\/section>\n\t\t\t\t<section class=\"elementor-section elementor-top-section elementor-element elementor-element-450f3a65 elementor-section-boxed elementor-section-height-default elementor-section-height-default\" data-id=\"450f3a65\" data-element_type=\"section\" data-e-type=\"section\">\n\t\t\t\t\t\t<div class=\"elementor-container elementor-column-gap-default\">\n\t\t\t\t\t<div class=\"elementor-column elementor-col-100 elementor-top-column elementor-element elementor-element-30d35f74\" data-id=\"30d35f74\" data-element_type=\"column\" data-e-type=\"column\">\n\t\t\t<div class=\"elementor-widget-wrap elementor-element-populated\">\n\t\t\t\t\t\t<div class=\"elementor-element elementor-element-6decc39d elementor-arrows-position-outside elementor-widget__width-inherit elementor-widget elementor-widget-image-carousel\" data-id=\"6decc39d\" data-element_type=\"widget\" data-e-type=\"widget\" data-settings=\"{&quot;slides_to_show&quot;:&quot;2&quot;,&quot;slides_to_scroll&quot;:&quot;2&quot;,&quot;navigation&quot;:&quot;arrows&quot;,&quot;autoplay_speed&quot;:3000,&quot;speed&quot;:2000,&quot;image_spacing_custom&quot;:{&quot;unit&quot;:&quot;px&quot;,&quot;size&quot;:35,&quot;sizes&quot;:[]},&quot;_animation&quot;:&quot;none&quot;,&quot;autoplay&quot;:&quot;yes&quot;,&quot;pause_on_hover&quot;:&quot;yes&quot;,&quot;pause_on_interaction&quot;:&quot;yes&quot;,&quot;infinite&quot;:&quot;yes&quot;,&quot;image_spacing_custom_tablet&quot;:{&quot;unit&quot;:&quot;px&quot;,&quot;size&quot;:&quot;&quot;,&quot;sizes&quot;:[]},&quot;image_spacing_custom_mobile&quot;:{&quot;unit&quot;:&quot;px&quot;,&quot;size&quot;:&quot;&quot;,&quot;sizes&quot;:[]}}\" data-widget_type=\"image-carousel.default\">\n\t\t\t\t<div class=\"elementor-widget-container\">\n\t\t\t\t\t\t\t<div class=\"elementor-image-carousel-wrapper swiper\" role=\"region\" aria-roledescription=\"carousel\" aria-label=\"Carrusel de im\u00e1genes\" dir=\"ltr\">\n\t\t\t<div class=\"elementor-image-carousel swiper-wrapper\" aria-live=\"off\">\n\t\t\t\t\t\t\t\t<div class=\"swiper-slide\" role=\"group\" aria-roledescription=\"slide\" aria-label=\"1 de 6\"><figure class=\"swiper-slide-inner\"><img decoding=\"async\" class=\"swiper-slide-image\" src=\"https:\/\/apassantafe.com.ar\/site\/wp-content\/uploads\/2025\/05\/2.png\" alt=\"2\" \/><\/figure><\/div><div class=\"swiper-slide\" role=\"group\" aria-roledescription=\"slide\" aria-label=\"2 de 6\"><figure class=\"swiper-slide-inner\"><img decoding=\"async\" class=\"swiper-slide-image\" src=\"https:\/\/apassantafe.com.ar\/site\/wp-content\/uploads\/2024\/02\/3-3.jpg\" alt=\"3\" \/><\/figure><\/div><div class=\"swiper-slide\" role=\"group\" aria-roledescription=\"slide\" aria-label=\"3 de 6\"><figure class=\"swiper-slide-inner\"><img decoding=\"async\" class=\"swiper-slide-image\" src=\"https:\/\/apassantafe.com.ar\/site\/wp-content\/uploads\/2024\/02\/4-3.jpg\" alt=\"4\" \/><\/figure><\/div><div class=\"swiper-slide\" role=\"group\" aria-roledescription=\"slide\" aria-label=\"4 de 6\"><figure class=\"swiper-slide-inner\"><img decoding=\"async\" class=\"swiper-slide-image\" src=\"https:\/\/apassantafe.com.ar\/site\/wp-content\/uploads\/2025\/05\/3.png\" alt=\"3\" \/><\/figure><\/div><div class=\"swiper-slide\" role=\"group\" aria-roledescription=\"slide\" aria-label=\"5 de 6\"><figure class=\"swiper-slide-inner\"><img decoding=\"async\" class=\"swiper-slide-image\" src=\"https:\/\/apassantafe.com.ar\/site\/wp-content\/uploads\/2024\/03\/banners.png\" alt=\"banners\" \/><\/figure><\/div><div class=\"swiper-slide\" role=\"group\" aria-roledescription=\"slide\" aria-label=\"6 de 6\"><figure class=\"swiper-slide-inner\"><img decoding=\"async\" class=\"swiper-slide-image\" src=\"https:\/\/apassantafe.com.ar\/site\/wp-content\/uploads\/2025\/06\/Previnca-Marca-Original-CMYK.pdf.jpg\" alt=\"Previnca-Marca-Original-CMYK.pdf\" \/><\/figure><\/div>\t\t\t<\/div>\n\t\t\t\t\t\t\t\t\t\t\t\t<div class=\"elementor-swiper-button elementor-swiper-button-prev\" role=\"button\" tabindex=\"0\">\n\t\t\t\t\t\t<i aria-hidden=\"true\" class=\"eicon-chevron-left\"><\/i>\t\t\t\t\t<\/div>\n\t\t\t\t\t<div class=\"elementor-swiper-button elementor-swiper-button-next\" role=\"button\" tabindex=\"0\">\n\t\t\t\t\t\t<i aria-hidden=\"true\" class=\"eicon-chevron-right\"><\/i>\t\t\t\t\t<\/div>\n\t\t\t\t\n\t\t\t\t\t\t\t\t\t<\/div>\n\t\t\t\t\t\t<\/div>\n\t\t\t\t<\/div>\n\t\t\t\t\t<\/div>\n\t\t<\/div>\n\t\t\t\t\t<\/div>\n\t\t<\/section>\n\t\t\t\t<section class=\"elementor-section elementor-top-section elementor-element elementor-element-29c271bd elementor-section-boxed elementor-section-height-default elementor-section-height-default\" data-id=\"29c271bd\" data-element_type=\"section\" data-e-type=\"section\">\n\t\t\t\t\t\t<div class=\"elementor-container elementor-column-gap-default\">\n\t\t\t\t\t<div class=\"elementor-column elementor-col-100 elementor-top-column elementor-element elementor-element-4d77432c\" data-id=\"4d77432c\" data-element_type=\"column\" data-e-type=\"column\">\n\t\t\t<div class=\"elementor-widget-wrap elementor-element-populated\">\n\t\t\t\t\t\t<div class=\"elementor-element elementor-element-3139c107 elementor-widget elementor-widget-image\" data-id=\"3139c107\" data-element_type=\"widget\" data-e-type=\"widget\" data-widget_type=\"image.default\">\n\t\t\t\t<div class=\"elementor-widget-container\">\n\t\t\t\t\t\t\t\t\t\t\t\t\t\t\t\t<a href=\"https:\/\/apassantafe.com.ar\/site\/wp-content\/uploads\/2021\/06\/productores-asesores-santafe.pdf\">\n\t\t\t\t\t\t\t<img decoding=\"async\" width=\"1120\" height=\"60\" src=\"https:\/\/apassantafe.com.ar\/site\/wp-content\/uploads\/2020\/10\/creedicoop-banner-solo.jpg\" class=\"attachment-full size-full wp-image-631\" alt=\"credicoop-banner\" srcset=\"https:\/\/apassantafe.com.ar\/site\/wp-content\/uploads\/2020\/10\/creedicoop-banner-solo.jpg 1120w, https:\/\/apassantafe.com.ar\/site\/wp-content\/uploads\/2020\/10\/creedicoop-banner-solo-300x16.jpg 300w, https:\/\/apassantafe.com.ar\/site\/wp-content\/uploads\/2020\/10\/creedicoop-banner-solo-1024x55.jpg 1024w, https:\/\/apassantafe.com.ar\/site\/wp-content\/uploads\/2020\/10\/creedicoop-banner-solo-768x41.jpg 768w, https:\/\/apassantafe.com.ar\/site\/wp-content\/uploads\/2020\/10\/creedicoop-banner-solo-830x44.jpg 830w, https:\/\/apassantafe.com.ar\/site\/wp-content\/uploads\/2020\/10\/creedicoop-banner-solo-230x12.jpg 230w\" sizes=\"(max-width: 1120px) 100vw, 1120px\" \/>\t\t\t\t\t\t\t\t<\/a>\n\t\t\t\t\t\t\t\t\t\t\t\t\t\t\t<\/div>\n\t\t\t\t<\/div>\n\t\t\t\t\t<\/div>\n\t\t<\/div>\n\t\t\t\t\t<\/div>\n\t\t<\/section>\n\t\t\t\t<\/div>\n\t\t","protected":false},"excerpt":{"rendered":"<p>&gt; ASPIRANTES Curso de Capacitaci\u00f3n para Aspirantes a Productor Asesor de Seguros. Modalidad Regular: Por la Resoluci\u00f3n N \u00ba 29.968 de 2004, APAS SANTA FE est\u00e1 autorizada por la Superintendencia de Seguros de la Naci\u00f3n a dictar el Programa de Capacitaci\u00f3n para Aspirantes a Productor Asesor de Seguros. En caso de estar interesado en los &#8230;.&nbsp;&nbsp;<a class=\" special\" href=\"https:\/\/apassantafe.com.ar\/site\/aspirantes\/\">Read More<\/a><\/p>\n","protected":false},"author":1,"featured_media":0,"parent":0,"menu_order":0,"comment_status":"closed","ping_status":"closed","template":"","meta":{"footnotes":""},"class_list":["post-11","page","type-page","status-publish","hentry"],"_links":{"self":[{"href":"https:\/\/apassantafe.com.ar\/site\/wp-json\/wp\/v2\/pages\/11","targetHints":{"allow":["GET"]}}],"collection":[{"href":"https:\/\/apassantafe.com.ar\/site\/wp-json\/wp\/v2\/pages"}],"about":[{"href":"https:\/\/apassantafe.com.ar\/site\/wp-json\/wp\/v2\/types\/page"}],"author":[{"embeddable":true,"href":"https:\/\/apassantafe.com.ar\/site\/wp-json\/wp\/v2\/users\/1"}],"replies":[{"embeddable":true,"href":"https:\/\/apassantafe.com.ar\/site\/wp-json\/wp\/v2\/comments?post=11"}],"version-history":[{"count":62,"href":"https:\/\/apassantafe.com.ar\/site\/wp-json\/wp\/v2\/pages\/11\/revisions"}],"predecessor-version":[{"id":1777,"href":"https:\/\/apassantafe.com.ar\/site\/wp-json\/wp\/v2\/pages\/11\/revisions\/1777"}],"wp:attachment":[{"href":"https:\/\/apassantafe.com.ar\/site\/wp-json\/wp\/v2\/media?parent=11"}],"curies":[{"name":"wp","href":"https:\/\/api.w.org\/{rel}","templated":true}]}}