{"id":224,"date":"2020-07-02T17:29:54","date_gmt":"2020-07-02T17:29:54","guid":{"rendered":"https:\/\/apassantafe.com.ar\/site\/?page_id=224"},"modified":"2025-12-03T16:25:51","modified_gmt":"2025-12-03T16:25:51","slug":"asociate","status":"publish","type":"page","link":"https:\/\/apassantafe.com.ar\/site\/asociate\/","title":{"rendered":"ASOCIATE"},"content":{"rendered":"\t\t<div data-elementor-type=\"wp-page\" data-elementor-id=\"224\" class=\"elementor elementor-224\">\n\t\t\t\t\t\t<section class=\"elementor-section elementor-top-section elementor-element elementor-element-5937b570 elementor-section-boxed elementor-section-height-default elementor-section-height-default\" data-id=\"5937b570\" data-element_type=\"section\" data-e-type=\"section\">\n\t\t\t\t\t\t<div class=\"elementor-container elementor-column-gap-default\">\n\t\t\t\t\t<div class=\"elementor-column elementor-col-100 elementor-top-column elementor-element elementor-element-721d827b\" data-id=\"721d827b\" data-element_type=\"column\" data-e-type=\"column\">\n\t\t\t<div class=\"elementor-widget-wrap elementor-element-populated\">\n\t\t\t\t\t\t<div class=\"elementor-element elementor-element-1e7521ad elementor-widget elementor-widget-text-editor\" data-id=\"1e7521ad\" data-element_type=\"widget\" data-e-type=\"widget\" data-widget_type=\"text-editor.default\">\n\t\t\t\t<div class=\"elementor-widget-container\">\n\t\t\t\t\t\t\t\t\t<p><\/p>\n<h6 class=\"wp-block-heading\" style=\"text-align: left;\">&gt; ASOCIATE<\/h6>\n<p><\/p>\n<p>Nuestro fin es representar los intereses profesionales y gremiales, ante todos los dem\u00e1s sectores, tanto nacionales como privados. Brindamos asesoramiento, informaci\u00f3n y apoyo a los Productores Asesores de Seguros de la zona centro y norte de la provincia de Santa Fe.<\/p>\n<p><\/p>\n<h4 class=\"wp-block-heading\">BENEFICIOS<\/h4>\n<p><\/p>\n<ul class=\"wp-block-list\">\n<li><strong>ASESORAMIENTO<\/strong><\/li>\n<\/ul>\n<p><\/p>\n<p><em><strong>Administrativo<\/strong><\/em><br>Obtenci\u00f3n de la Credencial de Identificaci\u00f3n Profesional como Productor Asesor de Seguros (CIPAS) \/ Inscripci\u00f3n a la UIF \/ Tr\u00e1mite t\u00edtulo PAS \/ Adhesi\u00f3n a R\u00fabrica Digital \/ Env\u00edo sin cargo de Libros para R\u00fabrica \/ Adhesi\u00f3n a la P\u00e1gina del Ente Cooperador Ley 22400 \/ Asesoramiento sobre tr\u00e1mites referidos a la mantenci\u00f3n de su matr\u00edcula al d\u00eda\/ Informaci\u00f3n de las \u00faltimas novedades \/ Reempadronamiento exigido por la SSN<\/p>\n<p><\/p>\n<p>Atenci\u00f3n de Lunes a Viernes, de 9.30 a 13 hs.<\/p>\n<p>Nueva sede: Alvear 4273<\/p>\n<p><\/p>\n<p><a href=\"mailto:apassantafe@gmail.com\">apassantafe@gmail.com<\/a><\/p>\n<p>*Elizabet Pieropan<\/p>\n<p>*Ramiro P\u00e9rez<\/p>\n<p><\/p>\n<p><\/p>\n<p><em><strong>Jur\u00eddico<\/strong><\/em><\/p>\n<p><\/p>\n<p><\/p>\n<p>*Estudio Jur\u00eddico Bieler &amp; Asoc. Dr. Juan Pablo Bieler &#8211; Abogado mat. 5803<\/p>\n<p>Atenci\u00f3n: Lunes, martes y jueves de 09 a 15 hs.<\/p>\n<p>Direcci\u00f3n: Primera Junta 2507 &#8211; Piso 11 &#8211; Oficinas 07 y 08 &#8211; Santa Fe (3000)<\/p>\n<p>Tel\u00e9fono: 0342 &#8211; 4564441 \/ 4540750 &#8211; WhatsApp: 342 4459452<\/p>\n<p>Direcci\u00f3n: Francisco Angeloni 2431- San Justo (3040)<\/p>\n<p>Tel\u00e9fono\/Fax: 03498 &#8211; 427466<\/p>\n<p><a href=\"mailto:estudiobielersantafe@gmail.com\">estudiobielersantafe@gmail.com<\/a><\/p>\n<p><\/p>\n<p><strong><em>Contable<\/em><\/strong><br>*Estudio Vergara y Nakov<br>Sarmiento 3792 &#8211; Santa Fe (3000)<br>Tel\u00e9fono: 0342 &#8211; 4533253<br><a href=\"mailto:estudiovergaraynakov@gmail.com\">estudiovergaraynakov@gmail.com<\/a><\/p>\n<p><em style=\"font-weight: 600; color: var( --e-global-color-text ); font-family: var( --e-global-typography-text-font-family ), Sans-serif;\">Gestor\u00eda del Automotor<\/em><\/p>\n<p>*ORION &#8211; Yamila Espinosa&nbsp;<br>Tucum\u00e1n 3927 &#8211; Santa Fe (3000)<br>Celular: 0342 &#8211; 155204329<\/p>\n<p><\/p>\n<ul class=\"wp-block-list\">\n<li><strong>SEGURO DE VIDA<\/strong><\/li>\n<\/ul>\n<p><\/p>\n<p>Dentro de la cuota societaria est\u00e1 incluido un seguro de vida de <strong><a href=\"http:\/\/previncaseguros.com.ar\" target=\"_blank\" rel=\"noreferrer noopener\">Previnca Seguros<\/a><\/strong>. Adem\u00e1s, a partir del 01\/04\/2020, tambi\u00e9n disponen de <em>Asistencia al Viajero<\/em>.<\/p>\n<p><\/p>\n<p>Dentro de la cuota societaria est\u00e1 incluido un seguro de vida de Previnca Seguros. Adem\u00e1s, a partir del 01\/04\/2020, tambi\u00e9n disponen de Asistencia al Viajero.<\/p>\n<p><span style=\"color: var( --e-global-color-text ); font-family: var( --e-global-typography-text-font-family ), Sans-serif; font-weight: var( --e-global-typography-text-font-weight );\">Actualizaci\u00f3n <\/span><b style=\"color: var( --e-global-color-text ); font-family: var( --e-global-typography-text-font-family ), Sans-serif;\">SUMA ASEGURADA SEGURO DE VIDA: $<\/b><b>1.822.000<\/b><b style=\"color: var( --e-global-color-text ); font-family: var( --e-global-typography-text-font-family ), Sans-serif;\">.-<\/b><\/p>\n<p><span style=\"color: var( --e-global-color-text ); font-family: var( --e-global-typography-text-font-family ), Sans-serif; font-weight: var( --e-global-typography-text-font-weight );\">Servicio de Asistencia al Viajero &#8211; Incluye COVID<\/span><\/p>\n<p>\u00c1rea de Cobertura: El servicio es prestado por Universal Assistance. En Argentina cuando est\u00e1 a m\u00e1s de 100 kms. de su domicilio y\/o en&nbsp;<span style=\"color: var( --e-global-color-text ); font-family: var( --e-global-typography-text-font-family ), Sans-serif; font-weight: var( --e-global-typography-text-font-weight );\">el Exterior.<\/span><\/p>\n<p>Cobertura por Asistencia M\u00e9dica, incluye COVID y comprende:<\/p>\n<p>\u00b7 Atenci\u00f3n en consultorio o domicilio. Consultas con especialistas.<\/p>\n<p>\u00b7 Ex\u00e1menes m\u00e9dicos complementarios. Internaciones cl\u00ednicas o quir\u00fargicas.<\/p>\n<p>\u00b7 Intervenciones quir\u00fargicas. Terapia intensiva y unidad coronaria.<\/p>\n<p><span style=\"color: var( --e-global-color-text ); font-family: var( --e-global-typography-text-font-family ), Sans-serif; font-weight: var( --e-global-typography-text-font-weight );\">\u00b7&nbsp;<\/span>Cobertura por medicamentos, odontolog\u00eda, traslados, entre otros.<\/p>\n<p>Montos a cubrir:<\/p>\n<p>Argentina: $400.000 (hasta pesos ciento ochenta mil)<\/p>\n<p>Pa\u00edses lim\u00edtrofes: U$S 10.000 (hasta d\u00f3lares diez mil)<\/p>\n<p>Europa: \u20ac 30.000 (hasta euros treinta mil)<\/p>\n<p>Resto del mundo: u$s 30.000 (hasta d\u00f3lares treinta mil)<\/p>\n<p>En caso de necesitar asistencia llame al + 54 11 4323 7777 o 7700<\/p>\n<p><\/p>\n<ul class=\"wp-block-list\">\n<li><strong>CAPACITACI\u00d3N<\/strong><\/li>\n<\/ul>\n<p><\/p>\n<p>&#8211; Cursos para obtener la matr\u00edcula (PCA)<br>&#8211; Cursos anuales obligatorios de capacitaci\u00f3n continuada (PCC)<br>&#8211; Cursos y talleres de capacitaci\u00f3n en diversos temas (voluntarios no obligatorios)<\/p>\n<p><\/p>\n<ul class=\"wp-block-list\">\n<li><strong>ESPACIO DE TRABAJO<\/strong><\/li>\n<\/ul>\n<p><\/p>\n<p>Nuestra asociaci\u00f3n cuenta con una nueva sede en Alvear 4273.<\/p>\n<p><\/p>\n<ul class=\"wp-block-list\">\n<li><strong>TURISMO<\/strong><\/li>\n<\/ul>\n<p><\/p>\n<p><em style=\"color: var( --e-global-color-text ); font-family: var( --e-global-typography-text-font-family ), Sans-serif; font-weight: var( --e-global-typography-text-font-weight );\"><strong>*Termas Villa Elisa<\/strong><\/em><span style=\"color: var( --e-global-color-text ); font-family: var( --e-global-typography-text-font-family ), Sans-serif; font-weight: var( --e-global-typography-text-font-weight );\">, Entre R\u00edos.<\/span><\/p>\n<p style=\"font-weight: 400;\"><strong>20%<\/strong>&nbsp;de descuento sobre el valor total del ticket de&nbsp;<strong>Acceso<\/strong>&nbsp;al Complejo Termal.&nbsp; V\u00e1lido todos los d\u00edas de la semana, excepto Temporada Alta y Fines de Semana Largos. No acumulable con otras Promociones. Tarifas Acceso:&nbsp;<a href=\"https:\/\/termasvillaelisa.com\/tarifas-reglamentos\/\" data-saferedirecturl=\"https:\/\/www.google.com\/url?q=https:\/\/termasvillaelisa.com\/tarifas-reglamentos\/&amp;source=gmail&amp;ust=1672438124939000&amp;usg=AOvVaw130WRJ1Ddb5czFmmev4PwV\">https:\/\/termasvillaelisa.com\/tarifas-reglamentos\/<\/a><\/p>\n<p style=\"font-weight: 400;\"><strong>20%&nbsp;<\/strong>de descuento sobre el alojamiento en <strong>Camping<\/strong> (m\u00ednimo 2 noches), sujeto a disponibilidad, previa reserva. V\u00e1lido todos los d\u00edas de la semana, excepto Temporada Alta y Fines de Semana Largos. Acumulable con otras Promociones (Volver cuesta cada vez menos y Bonificaci\u00f3n por estad\u00eda prolongada). Tarifas Camping: <a href=\"https:\/\/termasvillaelisa.com\/alojamiento\/camping\/\" data-saferedirecturl=\"https:\/\/www.google.com\/url?q=https:\/\/termasvillaelisa.com\/alojamiento\/camping\/&amp;source=gmail&amp;ust=1672438124939000&amp;usg=AOvVaw3lcHAHR2P3pJFM5Q4UgV2e\">https:\/\/termasvillaelisa.com\/alojamiento\/camping\/<\/a><\/p>\n<p style=\"font-weight: 400;\">Sujeto a disponibilidad, previa reserva.<\/p>\n<p style=\"font-weight: 400;\">Dichos descuentos son extensivos a los acompa\u00f1antes del asociado hasta un m\u00e1ximo de cuatro (4) personas. Es decir: titular + 4 acompa\u00f1antes, 5 personas en total.<\/p>\n<p><\/p>\n<p><strong><span>RED HOTELERA<\/span><\/strong><\/p>\n<p><span>Desde FAPASA se ofrece la oportunidad de acceder a beneficios exclusivos a trav\u00e9s de una Red Hotelera con descuentos especiales en hoteles seleccionados de toda la Argentina.<\/span><\/p>\n<p><span>Este beneficio est\u00e1 disponible \u00fanicamente para los socios de las APAS que integran FAPASA. Para acceder a los descuentos solo necesita comunicarse con su asociaci\u00f3n donde se recibir\u00e1 toda la informaci\u00f3n necesaria.<\/span><\/p>\n<p><span>Listado completo: <\/span><a href=\"http:\/\/www.fapasa.org.ar\/beneficios\/\"><span>www.fapasa.org.ar\/beneficios\/<\/span><\/a><\/p>\n<p><\/p>\n<p style=\"text-align: center;\"><i>Pago de la cuota mensual<\/i><\/p>\n<p><\/p>\n<hr>\n<p><\/p>\n<blockquote class=\"is-layout-flow wp-block-quote-is-layout-flow\">\n<p><strong>D\u00c9BITO AUTOM\u00c1TICO:<\/strong><br>Deber\u00e1 enviarse el N\u00b0 DE CBU y N\u00b0 de DNI al mail <a href=\"mailto:apassantafe@gmail.com?subject=D\u00e9bito Autom\u00e1tico&amp;body=N\u00b0 de CBU: completar.%0D%0AN\u00b0 de DNI: completar.\" target=\"_blank\" rel=\"noreferrer noopener\">apassantafe@gmail.com<\/a><\/p>\n<\/blockquote>\n<p><\/p>\n<div style=\"text-align: center;\">\n<figure><img decoding=\"async\" src=\"https:\/\/apassantafe.com.ar\/site\/wp-content\/uploads\/2020\/07\/descargar-1.png\" alt=\"\" width=\"110\" height=\"110\"><p><\/p>\n<figcaption><a href=\"https:\/\/apassantafe.com.ar\/site\/wp-content\/uploads\/2025\/05\/Asociate-APAS-SANTA-FE-2025-1.pdf\" target=\"_blank\" rel=\"noopener\">Descargar PDF<\/a><\/figcaption>\n<\/figure>\n<\/div>\n<p><\/p>\t\t\t\t\t\t\t\t<\/div>\n\t\t\t\t<\/div>\n\t\t\t\t\t<\/div>\n\t\t<\/div>\n\t\t\t\t\t<\/div>\n\t\t<\/section>\n\t\t\t\t<section class=\"elementor-section elementor-top-section elementor-element elementor-element-40b4a132 elementor-section-boxed elementor-section-height-default elementor-section-height-default\" data-id=\"40b4a132\" data-element_type=\"section\" data-e-type=\"section\">\n\t\t\t\t\t\t<div class=\"elementor-container elementor-column-gap-default\">\n\t\t\t\t\t<div class=\"elementor-column elementor-col-100 elementor-top-column elementor-element elementor-element-24fda3fb\" data-id=\"24fda3fb\" data-element_type=\"column\" data-e-type=\"column\">\n\t\t\t<div class=\"elementor-widget-wrap elementor-element-populated\">\n\t\t\t\t\t\t<div class=\"elementor-element elementor-element-26ba3550 elementor-widget elementor-widget-image\" data-id=\"26ba3550\" data-element_type=\"widget\" data-e-type=\"widget\" data-widget_type=\"image.default\">\n\t\t\t\t<div class=\"elementor-widget-container\">\n\t\t\t\t\t\t\t\t\t\t\t\t\t\t\t\t<a href=\"https:\/\/apassantafe.com.ar\/site\/pas\/\">\n\t\t\t\t\t\t\t<img fetchpriority=\"high\" decoding=\"async\" width=\"1120\" height=\"120\" src=\"https:\/\/apassantafe.com.ar\/site\/wp-content\/uploads\/2020\/10\/busca-tu-pas.jpg\" class=\"attachment-full size-full wp-image-1259\" alt=\"\" srcset=\"https:\/\/apassantafe.com.ar\/site\/wp-content\/uploads\/2020\/10\/busca-tu-pas.jpg 1120w, https:\/\/apassantafe.com.ar\/site\/wp-content\/uploads\/2020\/10\/busca-tu-pas-300x32.jpg 300w, https:\/\/apassantafe.com.ar\/site\/wp-content\/uploads\/2020\/10\/busca-tu-pas-1024x110.jpg 1024w, https:\/\/apassantafe.com.ar\/site\/wp-content\/uploads\/2020\/10\/busca-tu-pas-768x82.jpg 768w, https:\/\/apassantafe.com.ar\/site\/wp-content\/uploads\/2020\/10\/busca-tu-pas-830x89.jpg 830w, https:\/\/apassantafe.com.ar\/site\/wp-content\/uploads\/2020\/10\/busca-tu-pas-230x25.jpg 230w\" sizes=\"(max-width: 1120px) 100vw, 1120px\" \/>\t\t\t\t\t\t\t\t<\/a>\n\t\t\t\t\t\t\t\t\t\t\t\t\t\t\t<\/div>\n\t\t\t\t<\/div>\n\t\t\t\t\t<\/div>\n\t\t<\/div>\n\t\t\t\t\t<\/div>\n\t\t<\/section>\n\t\t\t\t<section class=\"elementor-section elementor-top-section elementor-element elementor-element-5df069c6 elementor-section-boxed elementor-section-height-default elementor-section-height-default\" data-id=\"5df069c6\" data-element_type=\"section\" data-e-type=\"section\">\n\t\t\t\t\t\t<div class=\"elementor-container elementor-column-gap-default\">\n\t\t\t\t\t<div class=\"elementor-column elementor-col-100 elementor-top-column elementor-element elementor-element-2b263a4d\" data-id=\"2b263a4d\" data-element_type=\"column\" data-e-type=\"column\">\n\t\t\t<div class=\"elementor-widget-wrap elementor-element-populated\">\n\t\t\t\t\t\t<div class=\"elementor-element elementor-element-2e9cf4e1 elementor-arrows-position-outside elementor-widget__width-inherit elementor-widget elementor-widget-image-carousel\" data-id=\"2e9cf4e1\" data-element_type=\"widget\" data-e-type=\"widget\" data-settings=\"{&quot;slides_to_show&quot;:&quot;2&quot;,&quot;slides_to_scroll&quot;:&quot;2&quot;,&quot;navigation&quot;:&quot;arrows&quot;,&quot;autoplay_speed&quot;:3000,&quot;speed&quot;:2000,&quot;image_spacing_custom&quot;:{&quot;unit&quot;:&quot;px&quot;,&quot;size&quot;:35,&quot;sizes&quot;:[]},&quot;_animation&quot;:&quot;none&quot;,&quot;autoplay&quot;:&quot;yes&quot;,&quot;pause_on_hover&quot;:&quot;yes&quot;,&quot;pause_on_interaction&quot;:&quot;yes&quot;,&quot;infinite&quot;:&quot;yes&quot;,&quot;image_spacing_custom_tablet&quot;:{&quot;unit&quot;:&quot;px&quot;,&quot;size&quot;:&quot;&quot;,&quot;sizes&quot;:[]},&quot;image_spacing_custom_mobile&quot;:{&quot;unit&quot;:&quot;px&quot;,&quot;size&quot;:&quot;&quot;,&quot;sizes&quot;:[]}}\" data-widget_type=\"image-carousel.default\">\n\t\t\t\t<div class=\"elementor-widget-container\">\n\t\t\t\t\t\t\t<div class=\"elementor-image-carousel-wrapper swiper\" role=\"region\" aria-roledescription=\"carousel\" aria-label=\"Carrusel de im\u00e1genes\" dir=\"ltr\">\n\t\t\t<div class=\"elementor-image-carousel swiper-wrapper\" aria-live=\"off\">\n\t\t\t\t\t\t\t\t<div class=\"swiper-slide\" role=\"group\" aria-roledescription=\"slide\" aria-label=\"1 de 6\"><figure class=\"swiper-slide-inner\"><img decoding=\"async\" class=\"swiper-slide-image\" src=\"https:\/\/apassantafe.com.ar\/site\/wp-content\/uploads\/2025\/05\/2.png\" alt=\"2\" \/><\/figure><\/div><div class=\"swiper-slide\" role=\"group\" aria-roledescription=\"slide\" aria-label=\"2 de 6\"><figure class=\"swiper-slide-inner\"><img decoding=\"async\" class=\"swiper-slide-image\" src=\"https:\/\/apassantafe.com.ar\/site\/wp-content\/uploads\/2024\/02\/3-3.jpg\" alt=\"3\" \/><\/figure><\/div><div class=\"swiper-slide\" role=\"group\" aria-roledescription=\"slide\" aria-label=\"3 de 6\"><figure class=\"swiper-slide-inner\"><img decoding=\"async\" class=\"swiper-slide-image\" src=\"https:\/\/apassantafe.com.ar\/site\/wp-content\/uploads\/2024\/02\/4-3.jpg\" alt=\"4\" \/><\/figure><\/div><div class=\"swiper-slide\" role=\"group\" aria-roledescription=\"slide\" aria-label=\"4 de 6\"><figure class=\"swiper-slide-inner\"><img decoding=\"async\" class=\"swiper-slide-image\" src=\"https:\/\/apassantafe.com.ar\/site\/wp-content\/uploads\/2025\/05\/3.png\" alt=\"3\" \/><\/figure><\/div><div class=\"swiper-slide\" role=\"group\" aria-roledescription=\"slide\" aria-label=\"5 de 6\"><figure class=\"swiper-slide-inner\"><img decoding=\"async\" class=\"swiper-slide-image\" src=\"https:\/\/apassantafe.com.ar\/site\/wp-content\/uploads\/2024\/03\/banners.png\" alt=\"banners\" \/><\/figure><\/div><div class=\"swiper-slide\" role=\"group\" aria-roledescription=\"slide\" aria-label=\"6 de 6\"><figure class=\"swiper-slide-inner\"><img decoding=\"async\" class=\"swiper-slide-image\" src=\"https:\/\/apassantafe.com.ar\/site\/wp-content\/uploads\/2025\/06\/Previnca-Marca-Original-CMYK.pdf.jpg\" alt=\"Previnca-Marca-Original-CMYK.pdf\" \/><\/figure><\/div>\t\t\t<\/div>\n\t\t\t\t\t\t\t\t\t\t\t\t<div class=\"elementor-swiper-button elementor-swiper-button-prev\" role=\"button\" tabindex=\"0\">\n\t\t\t\t\t\t<i aria-hidden=\"true\" class=\"eicon-chevron-left\"><\/i>\t\t\t\t\t<\/div>\n\t\t\t\t\t<div class=\"elementor-swiper-button elementor-swiper-button-next\" role=\"button\" tabindex=\"0\">\n\t\t\t\t\t\t<i aria-hidden=\"true\" class=\"eicon-chevron-right\"><\/i>\t\t\t\t\t<\/div>\n\t\t\t\t\n\t\t\t\t\t\t\t\t\t<\/div>\n\t\t\t\t\t\t<\/div>\n\t\t\t\t<\/div>\n\t\t\t\t\t<\/div>\n\t\t<\/div>\n\t\t\t\t\t<\/div>\n\t\t<\/section>\n\t\t\t\t<section class=\"elementor-section elementor-top-section elementor-element elementor-element-4333e05 elementor-section-boxed elementor-section-height-default elementor-section-height-default\" data-id=\"4333e05\" data-element_type=\"section\" data-e-type=\"section\">\n\t\t\t\t\t\t<div class=\"elementor-container elementor-column-gap-default\">\n\t\t\t\t\t<div class=\"elementor-column elementor-col-100 elementor-top-column elementor-element elementor-element-30aa5e5c\" data-id=\"30aa5e5c\" data-element_type=\"column\" data-e-type=\"column\">\n\t\t\t<div class=\"elementor-widget-wrap elementor-element-populated\">\n\t\t\t\t\t\t<div class=\"elementor-element elementor-element-2b42b24 elementor-widget elementor-widget-image\" data-id=\"2b42b24\" data-element_type=\"widget\" data-e-type=\"widget\" data-widget_type=\"image.default\">\n\t\t\t\t<div class=\"elementor-widget-container\">\n\t\t\t\t\t\t\t\t\t\t\t\t\t\t\t\t<a href=\"https:\/\/apassantafe.com.ar\/site\/wp-content\/uploads\/2021\/06\/productores-asesores-santafe.pdf\">\n\t\t\t\t\t\t\t<img decoding=\"async\" width=\"1120\" height=\"60\" src=\"https:\/\/apassantafe.com.ar\/site\/wp-content\/uploads\/2020\/10\/creedicoop-banner-solo.jpg\" class=\"attachment-full size-full wp-image-631\" alt=\"credicoop-banner\" srcset=\"https:\/\/apassantafe.com.ar\/site\/wp-content\/uploads\/2020\/10\/creedicoop-banner-solo.jpg 1120w, https:\/\/apassantafe.com.ar\/site\/wp-content\/uploads\/2020\/10\/creedicoop-banner-solo-300x16.jpg 300w, https:\/\/apassantafe.com.ar\/site\/wp-content\/uploads\/2020\/10\/creedicoop-banner-solo-1024x55.jpg 1024w, https:\/\/apassantafe.com.ar\/site\/wp-content\/uploads\/2020\/10\/creedicoop-banner-solo-768x41.jpg 768w, https:\/\/apassantafe.com.ar\/site\/wp-content\/uploads\/2020\/10\/creedicoop-banner-solo-830x44.jpg 830w, https:\/\/apassantafe.com.ar\/site\/wp-content\/uploads\/2020\/10\/creedicoop-banner-solo-230x12.jpg 230w\" sizes=\"(max-width: 1120px) 100vw, 1120px\" \/>\t\t\t\t\t\t\t\t<\/a>\n\t\t\t\t\t\t\t\t\t\t\t\t\t\t\t<\/div>\n\t\t\t\t<\/div>\n\t\t\t\t\t<\/div>\n\t\t<\/div>\n\t\t\t\t\t<\/div>\n\t\t<\/section>\n\t\t\t\t<\/div>\n\t\t","protected":false},"excerpt":{"rendered":"<p>&gt; ASOCIATE Nuestro fin es representar los intereses profesionales y gremiales, ante todos los dem\u00e1s sectores, tanto nacionales como privados. Brindamos asesoramiento, informaci\u00f3n y apoyo a los Productores Asesores de Seguros de la zona centro y norte de la provincia de Santa Fe. BENEFICIOS ASESORAMIENTO AdministrativoObtenci\u00f3n de la Credencial de Identificaci\u00f3n Profesional como Productor Asesor &#8230;.&nbsp;&nbsp;<a class=\" special\" href=\"https:\/\/apassantafe.com.ar\/site\/asociate\/\">Read More<\/a><\/p>\n","protected":false},"author":1,"featured_media":0,"parent":0,"menu_order":0,"comment_status":"closed","ping_status":"closed","template":"","meta":{"footnotes":""},"class_list":["post-224","page","type-page","status-publish","hentry"],"_links":{"self":[{"href":"https:\/\/apassantafe.com.ar\/site\/wp-json\/wp\/v2\/pages\/224","targetHints":{"allow":["GET"]}}],"collection":[{"href":"https:\/\/apassantafe.com.ar\/site\/wp-json\/wp\/v2\/pages"}],"about":[{"href":"https:\/\/apassantafe.com.ar\/site\/wp-json\/wp\/v2\/types\/page"}],"author":[{"embeddable":true,"href":"https:\/\/apassantafe.com.ar\/site\/wp-json\/wp\/v2\/users\/1"}],"replies":[{"embeddable":true,"href":"https:\/\/apassantafe.com.ar\/site\/wp-json\/wp\/v2\/comments?post=224"}],"version-history":[{"count":176,"href":"https:\/\/apassantafe.com.ar\/site\/wp-json\/wp\/v2\/pages\/224\/revisions"}],"predecessor-version":[{"id":1826,"href":"https:\/\/apassantafe.com.ar\/site\/wp-json\/wp\/v2\/pages\/224\/revisions\/1826"}],"wp:attachment":[{"href":"https:\/\/apassantafe.com.ar\/site\/wp-json\/wp\/v2\/media?parent=224"}],"curies":[{"name":"wp","href":"https:\/\/api.w.org\/{rel}","templated":true}]}}