{"id":231,"date":"2020-07-02T17:56:01","date_gmt":"2020-07-02T17:56:01","guid":{"rendered":"https:\/\/apassantafe.com.ar\/site\/?page_id=231"},"modified":"2025-06-02T15:04:52","modified_gmt":"2025-06-02T15:04:52","slug":"instructivos","status":"publish","type":"page","link":"https:\/\/apassantafe.com.ar\/site\/instructivos\/","title":{"rendered":"INSTRUCTIVOS"},"content":{"rendered":"\t\t<div data-elementor-type=\"wp-page\" data-elementor-id=\"231\" class=\"elementor elementor-231\">\n\t\t\t\t\t\t<section class=\"elementor-section elementor-top-section elementor-element elementor-element-6f0d28bd elementor-section-boxed elementor-section-height-default elementor-section-height-default\" data-id=\"6f0d28bd\" data-element_type=\"section\" data-e-type=\"section\">\n\t\t\t\t\t\t<div class=\"elementor-container elementor-column-gap-default\">\n\t\t\t\t\t<div class=\"elementor-column elementor-col-100 elementor-top-column elementor-element elementor-element-2f6c0c1d\" data-id=\"2f6c0c1d\" data-element_type=\"column\" data-e-type=\"column\">\n\t\t\t<div class=\"elementor-widget-wrap elementor-element-populated\">\n\t\t\t\t\t\t<div class=\"elementor-element elementor-element-188419d5 elementor-widget elementor-widget-text-editor\" data-id=\"188419d5\" data-element_type=\"widget\" data-e-type=\"widget\" data-widget_type=\"text-editor.default\">\n\t\t\t\t<div class=\"elementor-widget-container\">\n\t\t\t\t\t\t\t\t\t<p><\/p>\n<h3 class=\"wp-block-heading\">&gt; INSTRUCTIVOS<\/h3>\n<p><\/p>\n<h4 class=\"wp-block-heading\">ADHESI\u00d3N AL SISTEMA DE R\u00daBRICA DIGITAL<\/h4>\n<p><\/p>\n<p><strong><a href=\"https:\/\/apassantafe.com.ar\/site\/wp-content\/uploads\/2020\/07\/INSTRUCTIVO-R\u00fabrica-Digital.pdf\" target=\"_blank\" rel=\"noreferrer noopener\">descargar pdf <\/a><\/strong><\/p>\n<p><\/p>\n<h4 class=\"wp-block-heading\">INSCRIPCI\u00d3N A LA UNIDAD DE INFORMACI\u00d3N FINANCIERA (UIF)<\/h4>\n<p><\/p>\n<p>La Unidad de Informaci\u00f3n Financiera dispuso el cierre de la Mesa de Entradas de sus oficinas.<\/p>\n<p>Todas las consultas y tr\u00e1mites se canalizar\u00e1n a trav\u00e9s de los mails: <a href=\"mailto:sujetosobligados@uif.gob.ar\">sujetosobligados@uif.gob.ar<\/a> y <a href=\"mailto:consultasuif@uif.gob.ar\">consultasuif@uif.gob.ar<\/a><\/p>\n<p>IMPORTANTE:<\/p>\n<p>Es obligaci\u00f3n del sujeto obligado el cumplimiento de la Resoluci\u00f3n UIF 50\/2011 y sus modificatorias &#8211; registraci\u00f3n de los sujetos obligados. La documentaci\u00f3n a remitir deber\u00e1 enviarse en formato PDF, sin excepci\u00f3n.<\/p>\n<p><strong><a href=\"https:\/\/apassantafe.com.ar\/site\/wp-content\/uploads\/2020\/07\/INSTRUCTIVO-UIF.pdf\" target=\"_blank\" rel=\"noreferrer noopener\">descargar pdf<\/a><\/strong><\/p>\n<p><\/p>\n<h4 class=\"wp-block-heading\">INSTRUCTIVO GESTI\u00d3N DE CREDENCIAL DE PAS ON LINE<\/h4>\n<p><\/p>\n<p><strong><a href=\"https:\/\/apassantafe.com.ar\/site\/wp-content\/uploads\/2020\/07\/INSTRUCTIVO-Credencial-PAS.pdf\" target=\"_blank\" rel=\"noreferrer noopener\">descargar pdf<\/a><\/strong><\/p>\n<h4>INSTRUCTIVO REGISTRO A LA PLATAFORMA DEL ENTE COOPERADOR<\/h4>\n<p><strong><a href=\"https:\/\/apassantafe.com.ar\/site\/wp-content\/uploads\/2020\/10\/INSTRUCTIVO-Registro-Enteley.pdf\" target=\"_blank\" rel=\"noreferrer noopener\">descargar pdf<\/a><\/strong><\/p>\n<p><\/p>\t\t\t\t\t\t\t\t<\/div>\n\t\t\t\t<\/div>\n\t\t\t\t\t<\/div>\n\t\t<\/div>\n\t\t\t\t\t<\/div>\n\t\t<\/section>\n\t\t\t\t<section class=\"elementor-section elementor-top-section elementor-element elementor-element-36ad419b elementor-section-boxed elementor-section-height-default elementor-section-height-default\" data-id=\"36ad419b\" data-element_type=\"section\" data-e-type=\"section\">\n\t\t\t\t\t\t<div class=\"elementor-container elementor-column-gap-default\">\n\t\t\t\t\t<div class=\"elementor-column elementor-col-100 elementor-top-column elementor-element elementor-element-674dd37a\" data-id=\"674dd37a\" data-element_type=\"column\" data-e-type=\"column\">\n\t\t\t<div class=\"elementor-widget-wrap elementor-element-populated\">\n\t\t\t\t\t\t<div class=\"elementor-element elementor-element-b1dedaa elementor-widget elementor-widget-image\" data-id=\"b1dedaa\" data-element_type=\"widget\" data-e-type=\"widget\" data-widget_type=\"image.default\">\n\t\t\t\t<div class=\"elementor-widget-container\">\n\t\t\t\t\t\t\t\t\t\t\t\t\t\t\t\t<a href=\"https:\/\/apassantafe.com.ar\/site\/pas\/\">\n\t\t\t\t\t\t\t<img fetchpriority=\"high\" decoding=\"async\" width=\"1120\" height=\"120\" src=\"https:\/\/apassantafe.com.ar\/site\/wp-content\/uploads\/2020\/10\/busca-tu-pas.jpg\" class=\"attachment-full size-full wp-image-1259\" alt=\"\" srcset=\"https:\/\/apassantafe.com.ar\/site\/wp-content\/uploads\/2020\/10\/busca-tu-pas.jpg 1120w, https:\/\/apassantafe.com.ar\/site\/wp-content\/uploads\/2020\/10\/busca-tu-pas-300x32.jpg 300w, https:\/\/apassantafe.com.ar\/site\/wp-content\/uploads\/2020\/10\/busca-tu-pas-1024x110.jpg 1024w, https:\/\/apassantafe.com.ar\/site\/wp-content\/uploads\/2020\/10\/busca-tu-pas-768x82.jpg 768w, https:\/\/apassantafe.com.ar\/site\/wp-content\/uploads\/2020\/10\/busca-tu-pas-830x89.jpg 830w, https:\/\/apassantafe.com.ar\/site\/wp-content\/uploads\/2020\/10\/busca-tu-pas-230x25.jpg 230w\" sizes=\"(max-width: 1120px) 100vw, 1120px\" \/>\t\t\t\t\t\t\t\t<\/a>\n\t\t\t\t\t\t\t\t\t\t\t\t\t\t\t<\/div>\n\t\t\t\t<\/div>\n\t\t\t\t\t<\/div>\n\t\t<\/div>\n\t\t\t\t\t<\/div>\n\t\t<\/section>\n\t\t\t\t<section class=\"elementor-section elementor-top-section elementor-element elementor-element-325b507f elementor-section-boxed elementor-section-height-default elementor-section-height-default\" data-id=\"325b507f\" data-element_type=\"section\" data-e-type=\"section\">\n\t\t\t\t\t\t<div class=\"elementor-container elementor-column-gap-default\">\n\t\t\t\t\t<div class=\"elementor-column elementor-col-100 elementor-top-column elementor-element elementor-element-7dfb37a6\" data-id=\"7dfb37a6\" data-element_type=\"column\" data-e-type=\"column\">\n\t\t\t<div class=\"elementor-widget-wrap elementor-element-populated\">\n\t\t\t\t\t\t<div class=\"elementor-element elementor-element-7066e451 elementor-arrows-position-outside elementor-widget__width-inherit elementor-widget elementor-widget-image-carousel\" data-id=\"7066e451\" data-element_type=\"widget\" data-e-type=\"widget\" data-settings=\"{&quot;slides_to_show&quot;:&quot;2&quot;,&quot;slides_to_scroll&quot;:&quot;2&quot;,&quot;navigation&quot;:&quot;arrows&quot;,&quot;autoplay_speed&quot;:3000,&quot;speed&quot;:2000,&quot;image_spacing_custom&quot;:{&quot;unit&quot;:&quot;px&quot;,&quot;size&quot;:35,&quot;sizes&quot;:[]},&quot;_animation&quot;:&quot;none&quot;,&quot;autoplay&quot;:&quot;yes&quot;,&quot;pause_on_hover&quot;:&quot;yes&quot;,&quot;pause_on_interaction&quot;:&quot;yes&quot;,&quot;infinite&quot;:&quot;yes&quot;,&quot;image_spacing_custom_tablet&quot;:{&quot;unit&quot;:&quot;px&quot;,&quot;size&quot;:&quot;&quot;,&quot;sizes&quot;:[]},&quot;image_spacing_custom_mobile&quot;:{&quot;unit&quot;:&quot;px&quot;,&quot;size&quot;:&quot;&quot;,&quot;sizes&quot;:[]}}\" data-widget_type=\"image-carousel.default\">\n\t\t\t\t<div class=\"elementor-widget-container\">\n\t\t\t\t\t\t\t<div class=\"elementor-image-carousel-wrapper swiper\" role=\"region\" aria-roledescription=\"carousel\" aria-label=\"Carrusel de im\u00e1genes\" dir=\"ltr\">\n\t\t\t<div class=\"elementor-image-carousel swiper-wrapper\" aria-live=\"off\">\n\t\t\t\t\t\t\t\t<div class=\"swiper-slide\" role=\"group\" aria-roledescription=\"slide\" aria-label=\"1 de 6\"><figure class=\"swiper-slide-inner\"><img decoding=\"async\" class=\"swiper-slide-image\" src=\"https:\/\/apassantafe.com.ar\/site\/wp-content\/uploads\/2025\/05\/2.png\" alt=\"2\" \/><\/figure><\/div><div class=\"swiper-slide\" role=\"group\" aria-roledescription=\"slide\" aria-label=\"2 de 6\"><figure class=\"swiper-slide-inner\"><img decoding=\"async\" class=\"swiper-slide-image\" src=\"https:\/\/apassantafe.com.ar\/site\/wp-content\/uploads\/2024\/02\/3-3.jpg\" alt=\"3\" \/><\/figure><\/div><div class=\"swiper-slide\" role=\"group\" aria-roledescription=\"slide\" aria-label=\"3 de 6\"><figure class=\"swiper-slide-inner\"><img decoding=\"async\" class=\"swiper-slide-image\" src=\"https:\/\/apassantafe.com.ar\/site\/wp-content\/uploads\/2024\/02\/4-3.jpg\" alt=\"4\" \/><\/figure><\/div><div class=\"swiper-slide\" role=\"group\" aria-roledescription=\"slide\" aria-label=\"4 de 6\"><figure class=\"swiper-slide-inner\"><img decoding=\"async\" class=\"swiper-slide-image\" src=\"https:\/\/apassantafe.com.ar\/site\/wp-content\/uploads\/2025\/05\/3.png\" alt=\"3\" \/><\/figure><\/div><div class=\"swiper-slide\" role=\"group\" aria-roledescription=\"slide\" aria-label=\"5 de 6\"><figure class=\"swiper-slide-inner\"><img decoding=\"async\" class=\"swiper-slide-image\" src=\"https:\/\/apassantafe.com.ar\/site\/wp-content\/uploads\/2024\/03\/banners.png\" alt=\"banners\" \/><\/figure><\/div><div class=\"swiper-slide\" role=\"group\" aria-roledescription=\"slide\" aria-label=\"6 de 6\"><figure class=\"swiper-slide-inner\"><img decoding=\"async\" class=\"swiper-slide-image\" src=\"https:\/\/apassantafe.com.ar\/site\/wp-content\/uploads\/2025\/06\/Previnca-Marca-Original-CMYK.pdf.jpg\" alt=\"Previnca-Marca-Original-CMYK.pdf\" \/><\/figure><\/div>\t\t\t<\/div>\n\t\t\t\t\t\t\t\t\t\t\t\t<div class=\"elementor-swiper-button elementor-swiper-button-prev\" role=\"button\" tabindex=\"0\">\n\t\t\t\t\t\t<i aria-hidden=\"true\" class=\"eicon-chevron-left\"><\/i>\t\t\t\t\t<\/div>\n\t\t\t\t\t<div class=\"elementor-swiper-button elementor-swiper-button-next\" role=\"button\" tabindex=\"0\">\n\t\t\t\t\t\t<i aria-hidden=\"true\" class=\"eicon-chevron-right\"><\/i>\t\t\t\t\t<\/div>\n\t\t\t\t\n\t\t\t\t\t\t\t\t\t<\/div>\n\t\t\t\t\t\t<\/div>\n\t\t\t\t<\/div>\n\t\t\t\t\t<\/div>\n\t\t<\/div>\n\t\t\t\t\t<\/div>\n\t\t<\/section>\n\t\t\t\t<section class=\"elementor-section elementor-top-section elementor-element elementor-element-53f9107f elementor-section-boxed elementor-section-height-default elementor-section-height-default\" data-id=\"53f9107f\" data-element_type=\"section\" data-e-type=\"section\">\n\t\t\t\t\t\t<div class=\"elementor-container elementor-column-gap-default\">\n\t\t\t\t\t<div class=\"elementor-column elementor-col-100 elementor-top-column elementor-element elementor-element-3af47bc6\" data-id=\"3af47bc6\" data-element_type=\"column\" data-e-type=\"column\">\n\t\t\t<div class=\"elementor-widget-wrap elementor-element-populated\">\n\t\t\t\t\t\t<div class=\"elementor-element elementor-element-7c7c5faf elementor-widget elementor-widget-image\" data-id=\"7c7c5faf\" data-element_type=\"widget\" data-e-type=\"widget\" data-widget_type=\"image.default\">\n\t\t\t\t<div class=\"elementor-widget-container\">\n\t\t\t\t\t\t\t\t\t\t\t\t\t\t\t\t<a href=\"https:\/\/apassantafe.com.ar\/site\/wp-content\/uploads\/2021\/06\/productores-asesores-santafe.pdf\">\n\t\t\t\t\t\t\t<img decoding=\"async\" width=\"1120\" height=\"60\" src=\"https:\/\/apassantafe.com.ar\/site\/wp-content\/uploads\/2020\/10\/creedicoop-banner-solo.jpg\" class=\"attachment-full size-full wp-image-631\" alt=\"credicoop-banner\" srcset=\"https:\/\/apassantafe.com.ar\/site\/wp-content\/uploads\/2020\/10\/creedicoop-banner-solo.jpg 1120w, https:\/\/apassantafe.com.ar\/site\/wp-content\/uploads\/2020\/10\/creedicoop-banner-solo-300x16.jpg 300w, https:\/\/apassantafe.com.ar\/site\/wp-content\/uploads\/2020\/10\/creedicoop-banner-solo-1024x55.jpg 1024w, https:\/\/apassantafe.com.ar\/site\/wp-content\/uploads\/2020\/10\/creedicoop-banner-solo-768x41.jpg 768w, https:\/\/apassantafe.com.ar\/site\/wp-content\/uploads\/2020\/10\/creedicoop-banner-solo-830x44.jpg 830w, https:\/\/apassantafe.com.ar\/site\/wp-content\/uploads\/2020\/10\/creedicoop-banner-solo-230x12.jpg 230w\" sizes=\"(max-width: 1120px) 100vw, 1120px\" \/>\t\t\t\t\t\t\t\t<\/a>\n\t\t\t\t\t\t\t\t\t\t\t\t\t\t\t<\/div>\n\t\t\t\t<\/div>\n\t\t\t\t\t<\/div>\n\t\t<\/div>\n\t\t\t\t\t<\/div>\n\t\t<\/section>\n\t\t\t\t<\/div>\n\t\t","protected":false},"excerpt":{"rendered":"<p>&gt; INSTRUCTIVOS ADHESI\u00d3N AL SISTEMA DE R\u00daBRICA DIGITAL descargar pdf INSCRIPCI\u00d3N A LA UNIDAD DE INFORMACI\u00d3N FINANCIERA (UIF) La Unidad de Informaci\u00f3n Financiera dispuso el cierre de la Mesa de Entradas de sus oficinas. Todas las consultas y tr\u00e1mites se canalizar\u00e1n a trav\u00e9s de los mails: sujetosobligados@uif.gob.ar y consultasuif@uif.gob.ar IMPORTANTE: Es obligaci\u00f3n del sujeto obligado &#8230;.&nbsp;&nbsp;<a class=\" special\" href=\"https:\/\/apassantafe.com.ar\/site\/instructivos\/\">Read More<\/a><\/p>\n","protected":false},"author":1,"featured_media":0,"parent":0,"menu_order":0,"comment_status":"closed","ping_status":"closed","template":"","meta":{"footnotes":""},"class_list":["post-231","page","type-page","status-publish","hentry"],"_links":{"self":[{"href":"https:\/\/apassantafe.com.ar\/site\/wp-json\/wp\/v2\/pages\/231","targetHints":{"allow":["GET"]}}],"collection":[{"href":"https:\/\/apassantafe.com.ar\/site\/wp-json\/wp\/v2\/pages"}],"about":[{"href":"https:\/\/apassantafe.com.ar\/site\/wp-json\/wp\/v2\/types\/page"}],"author":[{"embeddable":true,"href":"https:\/\/apassantafe.com.ar\/site\/wp-json\/wp\/v2\/users\/1"}],"replies":[{"embeddable":true,"href":"https:\/\/apassantafe.com.ar\/site\/wp-json\/wp\/v2\/comments?post=231"}],"version-history":[{"count":60,"href":"https:\/\/apassantafe.com.ar\/site\/wp-json\/wp\/v2\/pages\/231\/revisions"}],"predecessor-version":[{"id":1797,"href":"https:\/\/apassantafe.com.ar\/site\/wp-json\/wp\/v2\/pages\/231\/revisions\/1797"}],"wp:attachment":[{"href":"https:\/\/apassantafe.com.ar\/site\/wp-json\/wp\/v2\/media?parent=231"}],"curies":[{"name":"wp","href":"https:\/\/api.w.org\/{rel}","templated":true}]}}