{"id":61,"date":"2020-04-02T03:49:08","date_gmt":"2020-04-02T03:49:08","guid":{"rendered":"http:\/\/apassantafe.com.ar\/site\/?page_id=61"},"modified":"2025-06-02T15:04:02","modified_gmt":"2025-06-02T15:04:02","slug":"inicio","status":"publish","type":"page","link":"https:\/\/apassantafe.com.ar\/site\/","title":{"rendered":"INICIO"},"content":{"rendered":"\t\t<div data-elementor-type=\"wp-page\" data-elementor-id=\"61\" class=\"elementor elementor-61\">\n\t\t\t\t\t\t<section class=\"elementor-section elementor-top-section elementor-element elementor-element-4d14322c elementor-section-boxed elementor-section-height-default elementor-section-height-default\" data-id=\"4d14322c\" data-element_type=\"section\" data-e-type=\"section\">\n\t\t\t\t\t\t<div class=\"elementor-container elementor-column-gap-default\">\n\t\t\t\t\t<div class=\"elementor-column elementor-col-100 elementor-top-column elementor-element elementor-element-7ef084c9\" data-id=\"7ef084c9\" data-element_type=\"column\" data-e-type=\"column\">\n\t\t\t<div class=\"elementor-widget-wrap elementor-element-populated\">\n\t\t\t\t\t\t<div class=\"elementor-element elementor-element-77bf1f50 elementor-widget elementor-widget-text-editor\" data-id=\"77bf1f50\" data-element_type=\"widget\" data-e-type=\"widget\" data-widget_type=\"text-editor.default\">\n\t\t\t\t<div class=\"elementor-widget-container\">\n\t\t\t\t\t\t\t\t\t<div class=\"pt-cv-wrapper\">\n<div class=\"pt-cv-view pt-cv-grid pt-cv-colsys\" id=\"pt-cv-view-20abb921n5\">\n<div data-id=\"pt-cv-page-1\" class=\"pt-cv-page\" data-cvc=\"1\">\n<div class=\"col-md-12 col-sm-12 col-xs-12 pt-cv-content-item pt-cv-2-col\" >\n<div class='pt-cv-ifield'><a href=\"https:\/\/apassantafe.com.ar\/site\/2025\/10\/16\/apas-santa-fe-formo-parte-del-congreso-iberoamericano-copaprose-2025\/\" class=\"_self pt-cv-href-thumbnail pt-cv-thumb-left\" target=\"_self\" ><img decoding=\"async\" width=\"150\" height=\"150\" src=\"https:\/\/apassantafe.com.ar\/site\/wp-content\/uploads\/2025\/10\/Diseno-sin-titulo-7-150x150.jpg\" class=\"pt-cv-thumbnail pull-left\" alt=\"\" \/><\/a><\/p>\n<div class=\"pt-cv-colwrap\">\n<h3 class=\"pt-cv-title\"><a href=\"https:\/\/apassantafe.com.ar\/site\/2025\/10\/16\/apas-santa-fe-formo-parte-del-congreso-iberoamericano-copaprose-2025\/\" class=\"_self\" target=\"_self\" >APAS SANTA FE form\u00f3 parte del Congreso Iberoamericano COPAPROSE 2025<\/a><\/h3>\n<div class=\"pt-cv-content\">Del 7 al 9 de octubre, el Hotel Marriott de Buenos Aires fue sede del XXXV Congreso Iberoamericano COPAPROSE, un encuentro clave para el sector asegurador de Iberoam\u00e9rica que este a\u00f1o tuvo un condimento especial: &#8230;<\/p>\n<div class=\"pt-cv-rmwrap\"><a href=\"https:\/\/apassantafe.com.ar\/site\/2025\/10\/16\/apas-santa-fe-formo-parte-del-congreso-iberoamericano-copaprose-2025\/\" class=\"_self pt-cv-readmore btn btn-success\" target=\"_self\">Leer M\u00e1s<\/a><\/div>\n<\/div>\n<\/div>\n<\/div>\n<\/div>\n<div class=\"col-md-12 col-sm-12 col-xs-12 pt-cv-content-item pt-cv-2-col\" >\n<div class='pt-cv-ifield'><a href=\"https:\/\/apassantafe.com.ar\/site\/2025\/01\/14\/assenza-sobre-la-importancia-que-asignan-los-pas-a-la-solvencia-de-las-companias\/\" class=\"_self pt-cv-href-thumbnail pt-cv-thumb-left\" target=\"_self\" ><img decoding=\"async\" width=\"150\" height=\"150\" src=\"https:\/\/apassantafe.com.ar\/site\/wp-content\/uploads\/2025\/01\/Diseno-sin-titulo-12-150x150.png\" class=\"pt-cv-thumbnail pull-left\" alt=\"\" \/><\/a><\/p>\n<div class=\"pt-cv-colwrap\">\n<h3 class=\"pt-cv-title\"><a href=\"https:\/\/apassantafe.com.ar\/site\/2025\/01\/14\/assenza-sobre-la-importancia-que-asignan-los-pas-a-la-solvencia-de-las-companias\/\" class=\"_self\" target=\"_self\" >Assenza sobre la importancia que asignan los PAS a la solvencia de las Compa\u00f1\u00edas<\/a><\/h3>\n<div class=\"pt-cv-content\">El presidente de APAS SANTA FE, Mario Assenza, dialog\u00f3 con Anibal Cejas en el Canal de YouTube \u00abEl Seguro y la Prevenci\u00f3n\u00bb. Assenza habl\u00f3 sobre la importancia que asignan los PAS a la solvencia de &#8230;<\/p>\n<div class=\"pt-cv-rmwrap\"><a href=\"https:\/\/apassantafe.com.ar\/site\/2025\/01\/14\/assenza-sobre-la-importancia-que-asignan-los-pas-a-la-solvencia-de-las-companias\/\" class=\"_self pt-cv-readmore btn btn-success\" target=\"_self\">Leer M\u00e1s<\/a><\/div>\n<\/div>\n<\/div>\n<\/div>\n<\/div>\n<div class=\"col-md-12 col-sm-12 col-xs-12 pt-cv-content-item pt-cv-2-col\" >\n<div class='pt-cv-ifield'><a href=\"https:\/\/apassantafe.com.ar\/site\/2024\/12\/09\/premios-conciencia-una-aseguradora-rosarina-reconocida-por-su-trabajo-con-emprendimientos-cooperativos-de-mujeres-rurales\/\" class=\"_self pt-cv-href-thumbnail pt-cv-thumb-left\" target=\"_self\" ><img decoding=\"async\" width=\"150\" height=\"150\" src=\"https:\/\/apassantafe.com.ar\/site\/wp-content\/uploads\/2024\/12\/Diseno-sin-titulo-11-1-150x150.png\" class=\"pt-cv-thumbnail pull-left\" alt=\"\" \/><\/a><\/p>\n<div class=\"pt-cv-colwrap\">\n<h3 class=\"pt-cv-title\"><a href=\"https:\/\/apassantafe.com.ar\/site\/2024\/12\/09\/premios-conciencia-una-aseguradora-rosarina-reconocida-por-su-trabajo-con-emprendimientos-cooperativos-de-mujeres-rurales\/\" class=\"_self\" target=\"_self\" >Premios Conciencia: una aseguradora rosarina reconocida por su trabajo con emprendimientos cooperativos de mujeres rurales<\/a><\/h3>\n<div class=\"pt-cv-content\">La Segunda Seguros fue premiada por segundo a\u00f1o consecutivo En el marco de su Programa de Impulso de Emprendimientos Cooperativos, La Segunda Seguros obtuvo el 2\u00b0 puesto en los Premios Conciencia, en la categor\u00eda empresas &#8230;<\/p>\n<div class=\"pt-cv-rmwrap\"><a href=\"https:\/\/apassantafe.com.ar\/site\/2024\/12\/09\/premios-conciencia-una-aseguradora-rosarina-reconocida-por-su-trabajo-con-emprendimientos-cooperativos-de-mujeres-rurales\/\" class=\"_self pt-cv-readmore btn btn-success\" target=\"_self\">Leer M\u00e1s<\/a><\/div>\n<\/div>\n<\/div>\n<\/div>\n<\/div>\n<div class=\"col-md-12 col-sm-12 col-xs-12 pt-cv-content-item pt-cv-2-col\" >\n<div class='pt-cv-ifield'><a href=\"https:\/\/apassantafe.com.ar\/site\/2024\/11\/27\/apas-santa-fe-se-sumo-al-programa-fandom-de-seguros\/\" class=\"_self pt-cv-href-thumbnail pt-cv-thumb-left\" target=\"_self\" ><img loading=\"lazy\" decoding=\"async\" width=\"150\" height=\"150\" src=\"https:\/\/apassantafe.com.ar\/site\/wp-content\/uploads\/2024\/11\/Diseno-sin-titulo-6-150x150.jpg\" class=\"pt-cv-thumbnail pull-left\" alt=\"\" \/><\/a><\/p>\n<div class=\"pt-cv-colwrap\">\n<h3 class=\"pt-cv-title\"><a href=\"https:\/\/apassantafe.com.ar\/site\/2024\/11\/27\/apas-santa-fe-se-sumo-al-programa-fandom-de-seguros\/\" class=\"_self\" target=\"_self\" >APAS SANTA FE se sum\u00f3 al programa FANDOM de Seguros<\/a><\/h3>\n<div class=\"pt-cv-content\">Representantes de la Asociaci\u00f3n de Productores Asesores de Seguros de Santa Fe tuvieron su participaci\u00f3n en la plataforma de contenidos multimedia especializada en el mercado asegurador: FANDOM de Seguros. Durante el streaming del d\u00eda martes &#8230;<\/p>\n<div class=\"pt-cv-rmwrap\"><a href=\"https:\/\/apassantafe.com.ar\/site\/2024\/11\/27\/apas-santa-fe-se-sumo-al-programa-fandom-de-seguros\/\" class=\"_self pt-cv-readmore btn btn-success\" target=\"_self\">Leer M\u00e1s<\/a><\/div>\n<\/div>\n<\/div>\n<\/div>\n<\/div>\n<div class=\"col-md-12 col-sm-12 col-xs-12 pt-cv-content-item pt-cv-2-col\" >\n<div class='pt-cv-ifield'><a href=\"https:\/\/apassantafe.com.ar\/site\/2024\/10\/18\/aseguradora-lider-desembarco-en-el-evento-gamer-mas-grande-del-pais\/\" class=\"_self pt-cv-href-thumbnail pt-cv-thumb-left\" target=\"_self\" ><img loading=\"lazy\" decoding=\"async\" width=\"150\" height=\"150\" src=\"https:\/\/apassantafe.com.ar\/site\/wp-content\/uploads\/2024\/10\/AGS7baja-150x150.jpg\" class=\"pt-cv-thumbnail pull-left\" alt=\"\" \/><\/a><\/p>\n<div class=\"pt-cv-colwrap\">\n<h3 class=\"pt-cv-title\"><a href=\"https:\/\/apassantafe.com.ar\/site\/2024\/10\/18\/aseguradora-lider-desembarco-en-el-evento-gamer-mas-grande-del-pais\/\" class=\"_self\" target=\"_self\" >Aseguradora l\u00edder desembarc\u00f3 en el evento gamer m\u00e1s grande del pa\u00eds<\/a><\/h3>\n<div class=\"pt-cv-content\">La Segunda Seguros pis\u00f3 fuerte en la Argentina Game Show que se llev\u00f3 a cabo el 11, 12 y 13 de octubre en Tecn\u00f3polis. El mundo gamer tuvo su cita tan esperada este fin de &#8230;<\/p>\n<div class=\"pt-cv-rmwrap\"><a href=\"https:\/\/apassantafe.com.ar\/site\/2024\/10\/18\/aseguradora-lider-desembarco-en-el-evento-gamer-mas-grande-del-pais\/\" class=\"_self pt-cv-readmore btn btn-success\" target=\"_self\">Leer M\u00e1s<\/a><\/div>\n<\/div>\n<\/div>\n<\/div>\n<\/div>\n<\/div>\n<\/div>\n<\/div>\n\t\t\t\t\t\t\t\t<\/div>\n\t\t\t\t<\/div>\n\t\t\t\t\t<\/div>\n\t\t<\/div>\n\t\t\t\t\t<\/div>\n\t\t<\/section>\n\t\t\t\t<section class=\"elementor-section elementor-top-section elementor-element elementor-element-60092433 elementor-section-boxed elementor-section-height-default elementor-section-height-default\" data-id=\"60092433\" data-element_type=\"section\" data-e-type=\"section\">\n\t\t\t\t\t\t<div class=\"elementor-container elementor-column-gap-default\">\n\t\t\t\t\t<div class=\"elementor-column elementor-col-100 elementor-top-column elementor-element elementor-element-6b4b1202\" data-id=\"6b4b1202\" data-element_type=\"column\" data-e-type=\"column\">\n\t\t\t<div class=\"elementor-widget-wrap elementor-element-populated\">\n\t\t\t\t\t\t<div class=\"elementor-element elementor-element-318de6d5 elementor-widget elementor-widget-image\" data-id=\"318de6d5\" data-element_type=\"widget\" data-e-type=\"widget\" data-widget_type=\"image.default\">\n\t\t\t\t<div class=\"elementor-widget-container\">\n\t\t\t\t\t\t\t\t\t\t\t\t\t\t\t\t<a href=\"https:\/\/apassantafe.com.ar\/site\/pas\/\">\n\t\t\t\t\t\t\t<img loading=\"lazy\" decoding=\"async\" width=\"1120\" height=\"120\" src=\"https:\/\/apassantafe.com.ar\/site\/wp-content\/uploads\/2020\/10\/busca-tu-pas.jpg\" class=\"attachment-full size-full wp-image-1259\" alt=\"\" srcset=\"https:\/\/apassantafe.com.ar\/site\/wp-content\/uploads\/2020\/10\/busca-tu-pas.jpg 1120w, https:\/\/apassantafe.com.ar\/site\/wp-content\/uploads\/2020\/10\/busca-tu-pas-300x32.jpg 300w, https:\/\/apassantafe.com.ar\/site\/wp-content\/uploads\/2020\/10\/busca-tu-pas-1024x110.jpg 1024w, https:\/\/apassantafe.com.ar\/site\/wp-content\/uploads\/2020\/10\/busca-tu-pas-768x82.jpg 768w, https:\/\/apassantafe.com.ar\/site\/wp-content\/uploads\/2020\/10\/busca-tu-pas-830x89.jpg 830w, https:\/\/apassantafe.com.ar\/site\/wp-content\/uploads\/2020\/10\/busca-tu-pas-230x25.jpg 230w\" sizes=\"(max-width: 1120px) 100vw, 1120px\" \/>\t\t\t\t\t\t\t\t<\/a>\n\t\t\t\t\t\t\t\t\t\t\t\t\t\t\t<\/div>\n\t\t\t\t<\/div>\n\t\t\t\t\t<\/div>\n\t\t<\/div>\n\t\t\t\t\t<\/div>\n\t\t<\/section>\n\t\t\t\t<section class=\"elementor-section elementor-top-section elementor-element elementor-element-523e6905 elementor-section-boxed elementor-section-height-default elementor-section-height-default\" data-id=\"523e6905\" data-element_type=\"section\" data-e-type=\"section\">\n\t\t\t\t\t\t<div class=\"elementor-container elementor-column-gap-default\">\n\t\t\t\t\t<div class=\"elementor-column elementor-col-100 elementor-top-column elementor-element elementor-element-7ddc21\" data-id=\"7ddc21\" data-element_type=\"column\" data-e-type=\"column\">\n\t\t\t<div class=\"elementor-widget-wrap elementor-element-populated\">\n\t\t\t\t\t\t<div class=\"elementor-element elementor-element-1f09acaf elementor-arrows-position-outside elementor-widget__width-inherit elementor-widget elementor-widget-image-carousel\" data-id=\"1f09acaf\" data-element_type=\"widget\" data-e-type=\"widget\" data-settings=\"{&quot;slides_to_show&quot;:&quot;2&quot;,&quot;slides_to_scroll&quot;:&quot;2&quot;,&quot;navigation&quot;:&quot;arrows&quot;,&quot;autoplay_speed&quot;:3000,&quot;speed&quot;:2000,&quot;image_spacing_custom&quot;:{&quot;unit&quot;:&quot;px&quot;,&quot;size&quot;:35,&quot;sizes&quot;:[]},&quot;_animation&quot;:&quot;none&quot;,&quot;autoplay&quot;:&quot;yes&quot;,&quot;pause_on_hover&quot;:&quot;yes&quot;,&quot;pause_on_interaction&quot;:&quot;yes&quot;,&quot;infinite&quot;:&quot;yes&quot;,&quot;image_spacing_custom_tablet&quot;:{&quot;unit&quot;:&quot;px&quot;,&quot;size&quot;:&quot;&quot;,&quot;sizes&quot;:[]},&quot;image_spacing_custom_mobile&quot;:{&quot;unit&quot;:&quot;px&quot;,&quot;size&quot;:&quot;&quot;,&quot;sizes&quot;:[]}}\" data-widget_type=\"image-carousel.default\">\n\t\t\t\t<div class=\"elementor-widget-container\">\n\t\t\t\t\t\t\t<div class=\"elementor-image-carousel-wrapper swiper\" role=\"region\" aria-roledescription=\"carousel\" aria-label=\"Carrusel de im\u00e1genes\" dir=\"ltr\">\n\t\t\t<div class=\"elementor-image-carousel swiper-wrapper\" aria-live=\"off\">\n\t\t\t\t\t\t\t\t<div class=\"swiper-slide\" role=\"group\" aria-roledescription=\"slide\" aria-label=\"1 de 6\"><figure class=\"swiper-slide-inner\"><img decoding=\"async\" class=\"swiper-slide-image\" src=\"https:\/\/apassantafe.com.ar\/site\/wp-content\/uploads\/2025\/05\/2.png\" alt=\"2\" \/><\/figure><\/div><div class=\"swiper-slide\" role=\"group\" aria-roledescription=\"slide\" aria-label=\"2 de 6\"><figure class=\"swiper-slide-inner\"><img decoding=\"async\" class=\"swiper-slide-image\" src=\"https:\/\/apassantafe.com.ar\/site\/wp-content\/uploads\/2024\/02\/3-3.jpg\" alt=\"3\" \/><\/figure><\/div><div class=\"swiper-slide\" role=\"group\" aria-roledescription=\"slide\" aria-label=\"3 de 6\"><figure class=\"swiper-slide-inner\"><img decoding=\"async\" class=\"swiper-slide-image\" src=\"https:\/\/apassantafe.com.ar\/site\/wp-content\/uploads\/2024\/02\/4-3.jpg\" alt=\"4\" \/><\/figure><\/div><div class=\"swiper-slide\" role=\"group\" aria-roledescription=\"slide\" aria-label=\"4 de 6\"><figure class=\"swiper-slide-inner\"><img decoding=\"async\" class=\"swiper-slide-image\" src=\"https:\/\/apassantafe.com.ar\/site\/wp-content\/uploads\/2025\/05\/3.png\" alt=\"3\" \/><\/figure><\/div><div class=\"swiper-slide\" role=\"group\" aria-roledescription=\"slide\" aria-label=\"5 de 6\"><figure class=\"swiper-slide-inner\"><img decoding=\"async\" class=\"swiper-slide-image\" src=\"https:\/\/apassantafe.com.ar\/site\/wp-content\/uploads\/2024\/03\/banners.png\" alt=\"banners\" \/><\/figure><\/div><div class=\"swiper-slide\" role=\"group\" aria-roledescription=\"slide\" aria-label=\"6 de 6\"><figure class=\"swiper-slide-inner\"><img decoding=\"async\" class=\"swiper-slide-image\" src=\"https:\/\/apassantafe.com.ar\/site\/wp-content\/uploads\/2025\/06\/Previnca-Marca-Original-CMYK.pdf.jpg\" alt=\"Previnca-Marca-Original-CMYK.pdf\" \/><\/figure><\/div>\t\t\t<\/div>\n\t\t\t\t\t\t\t\t\t\t\t\t<div class=\"elementor-swiper-button elementor-swiper-button-prev\" role=\"button\" tabindex=\"0\">\n\t\t\t\t\t\t<i aria-hidden=\"true\" class=\"eicon-chevron-left\"><\/i>\t\t\t\t\t<\/div>\n\t\t\t\t\t<div class=\"elementor-swiper-button elementor-swiper-button-next\" role=\"button\" tabindex=\"0\">\n\t\t\t\t\t\t<i aria-hidden=\"true\" class=\"eicon-chevron-right\"><\/i>\t\t\t\t\t<\/div>\n\t\t\t\t\n\t\t\t\t\t\t\t\t\t<\/div>\n\t\t\t\t\t\t<\/div>\n\t\t\t\t<\/div>\n\t\t\t\t\t<\/div>\n\t\t<\/div>\n\t\t\t\t\t<\/div>\n\t\t<\/section>\n\t\t\t\t<section class=\"elementor-section elementor-top-section elementor-element elementor-element-23bb84e elementor-section-boxed elementor-section-height-default elementor-section-height-default\" data-id=\"23bb84e\" data-element_type=\"section\" data-e-type=\"section\">\n\t\t\t\t\t\t<div class=\"elementor-container elementor-column-gap-default\">\n\t\t\t\t\t<div class=\"elementor-column elementor-col-100 elementor-top-column elementor-element elementor-element-446c5274\" data-id=\"446c5274\" data-element_type=\"column\" data-e-type=\"column\">\n\t\t\t<div class=\"elementor-widget-wrap elementor-element-populated\">\n\t\t\t\t\t\t<div class=\"elementor-element elementor-element-75e04ade elementor-widget elementor-widget-image\" data-id=\"75e04ade\" data-element_type=\"widget\" data-e-type=\"widget\" data-widget_type=\"image.default\">\n\t\t\t\t<div class=\"elementor-widget-container\">\n\t\t\t\t\t\t\t\t\t\t\t\t\t\t\t\t<a href=\"https:\/\/apassantafe.com.ar\/site\/wp-content\/uploads\/2021\/06\/productores-asesores-santafe.pdf\">\n\t\t\t\t\t\t\t<img loading=\"lazy\" decoding=\"async\" width=\"1120\" height=\"60\" src=\"https:\/\/apassantafe.com.ar\/site\/wp-content\/uploads\/2020\/10\/creedicoop-banner-solo.jpg\" class=\"attachment-full size-full wp-image-631\" alt=\"credicoop-banner\" srcset=\"https:\/\/apassantafe.com.ar\/site\/wp-content\/uploads\/2020\/10\/creedicoop-banner-solo.jpg 1120w, https:\/\/apassantafe.com.ar\/site\/wp-content\/uploads\/2020\/10\/creedicoop-banner-solo-300x16.jpg 300w, https:\/\/apassantafe.com.ar\/site\/wp-content\/uploads\/2020\/10\/creedicoop-banner-solo-1024x55.jpg 1024w, https:\/\/apassantafe.com.ar\/site\/wp-content\/uploads\/2020\/10\/creedicoop-banner-solo-768x41.jpg 768w, https:\/\/apassantafe.com.ar\/site\/wp-content\/uploads\/2020\/10\/creedicoop-banner-solo-830x44.jpg 830w, https:\/\/apassantafe.com.ar\/site\/wp-content\/uploads\/2020\/10\/creedicoop-banner-solo-230x12.jpg 230w\" sizes=\"(max-width: 1120px) 100vw, 1120px\" \/>\t\t\t\t\t\t\t\t<\/a>\n\t\t\t\t\t\t\t\t\t\t\t\t\t\t\t<\/div>\n\t\t\t\t<\/div>\n\t\t\t\t\t<\/div>\n\t\t<\/div>\n\t\t\t\t\t<\/div>\n\t\t<\/section>\n\t\t\t\t<section class=\"elementor-section elementor-top-section elementor-element elementor-element-3c6fd88c elementor-section-boxed elementor-section-height-default elementor-section-height-default\" data-id=\"3c6fd88c\" data-element_type=\"section\" data-e-type=\"section\">\n\t\t\t\t\t\t\t<div class=\"elementor-background-overlay\"><\/div>\n\t\t\t\t\t\t\t<div class=\"elementor-container elementor-column-gap-default\">\n\t\t\t\t\t<div class=\"elementor-column elementor-col-50 elementor-top-column elementor-element elementor-element-37dfdd0e\" data-id=\"37dfdd0e\" data-element_type=\"column\" data-e-type=\"column\">\n\t\t\t<div class=\"elementor-widget-wrap elementor-element-populated\">\n\t\t\t\t\t\t<div class=\"elementor-element elementor-element-42ee9c5c elementor-widget elementor-widget-heading\" data-id=\"42ee9c5c\" data-element_type=\"widget\" data-e-type=\"widget\" data-widget_type=\"heading.default\">\n\t\t\t\t<div class=\"elementor-widget-container\">\n\t\t\t\t\t<h2 class=\"elementor-heading-title elementor-size-default\">CONTACTO<\/h2>\t\t\t\t<\/div>\n\t\t\t\t<\/div>\n\t\t\t\t<div class=\"elementor-element elementor-element-34dbe75d elementor-widget elementor-widget-text-editor\" data-id=\"34dbe75d\" data-element_type=\"widget\" data-e-type=\"widget\" data-widget_type=\"text-editor.default\">\n\t\t\t\t<div class=\"elementor-widget-container\">\n\t\t\t\t\t\t\t\t\t<p>apassantafe@gmail.com<\/p><p>Alvear 4273<\/p>\t\t\t\t\t\t\t\t<\/div>\n\t\t\t\t<\/div>\n\t\t\t\t<div class=\"elementor-element elementor-element-546e2931 elementor-shape-circle elementor-grid-0 e-grid-align-center elementor-widget elementor-widget-social-icons\" data-id=\"546e2931\" data-element_type=\"widget\" data-e-type=\"widget\" data-widget_type=\"social-icons.default\">\n\t\t\t\t<div class=\"elementor-widget-container\">\n\t\t\t\t\t\t\t<div class=\"elementor-social-icons-wrapper elementor-grid\" role=\"list\">\n\t\t\t\t\t\t\t<span class=\"elementor-grid-item\" role=\"listitem\">\n\t\t\t\t\t<a class=\"elementor-icon elementor-social-icon elementor-social-icon-facebook elementor-repeater-item-8edd553\" href=\"https:\/\/www.facebook.com\/apassantafe\" target=\"_blank\">\n\t\t\t\t\t\t<span class=\"elementor-screen-only\">Facebook<\/span>\n\t\t\t\t\t\t<i aria-hidden=\"true\" class=\"fab fa-facebook\"><\/i>\t\t\t\t\t<\/a>\n\t\t\t\t<\/span>\n\t\t\t\t\t\t\t<span class=\"elementor-grid-item\" role=\"listitem\">\n\t\t\t\t\t<a class=\"elementor-icon elementor-social-icon elementor-social-icon-youtube elementor-repeater-item-0ea0188\" href=\"https:\/\/www.youtube.com\/@apasstafe\" target=\"_blank\">\n\t\t\t\t\t\t<span class=\"elementor-screen-only\">Youtube<\/span>\n\t\t\t\t\t\t<i aria-hidden=\"true\" class=\"fab fa-youtube\"><\/i>\t\t\t\t\t<\/a>\n\t\t\t\t<\/span>\n\t\t\t\t\t\t\t<span class=\"elementor-grid-item\" role=\"listitem\">\n\t\t\t\t\t<a class=\"elementor-icon elementor-social-icon elementor-social-icon-whatsapp elementor-repeater-item-3ad8426\" href=\"https:\/\/api.whatsapp.com\/send?phone=5493425174798\" target=\"_blank\">\n\t\t\t\t\t\t<span class=\"elementor-screen-only\">Whatsapp<\/span>\n\t\t\t\t\t\t<i aria-hidden=\"true\" class=\"fab fa-whatsapp\"><\/i>\t\t\t\t\t<\/a>\n\t\t\t\t<\/span>\n\t\t\t\t\t\t\t<span class=\"elementor-grid-item\" role=\"listitem\">\n\t\t\t\t\t<a class=\"elementor-icon elementor-social-icon elementor-social-icon-instagram elementor-repeater-item-2a15de7\" href=\"https:\/\/www.instagram.com\/apassantafe\/\" target=\"_blank\">\n\t\t\t\t\t\t<span class=\"elementor-screen-only\">Instagram<\/span>\n\t\t\t\t\t\t<i aria-hidden=\"true\" class=\"fab fa-instagram\"><\/i>\t\t\t\t\t<\/a>\n\t\t\t\t<\/span>\n\t\t\t\t\t<\/div>\n\t\t\t\t\t\t<\/div>\n\t\t\t\t<\/div>\n\t\t\t\t\t<\/div>\n\t\t<\/div>\n\t\t\t\t<div class=\"elementor-column elementor-col-50 elementor-top-column elementor-element elementor-element-4d7582a2\" data-id=\"4d7582a2\" data-element_type=\"column\" data-e-type=\"column\">\n\t\t\t<div class=\"elementor-widget-wrap elementor-element-populated\">\n\t\t\t\t\t\t<div class=\"elementor-element elementor-element-3efeef78 elementor-widget elementor-widget-google_maps\" data-id=\"3efeef78\" data-element_type=\"widget\" data-e-type=\"widget\" data-widget_type=\"google_maps.default\">\n\t\t\t\t<div class=\"elementor-widget-container\">\n\t\t\t\t\t\t\t<div class=\"elementor-custom-embed\">\n\t\t\t<iframe loading=\"lazy\"\n\t\t\t\t\tsrc=\"https:\/\/maps.google.com\/maps?q=Alvear%204273%2C%20Santa%20Fe%20Argentina&#038;t=m&#038;z=16&#038;output=embed&#038;iwloc=near\"\n\t\t\t\t\ttitle=\"Alvear 4273, Santa Fe Argentina\"\n\t\t\t\t\taria-label=\"Alvear 4273, Santa Fe Argentina\"\n\t\t\t><\/iframe>\n\t\t<\/div>\n\t\t\t\t\t\t<\/div>\n\t\t\t\t<\/div>\n\t\t\t\t\t<\/div>\n\t\t<\/div>\n\t\t\t\t\t<\/div>\n\t\t<\/section>\n\t\t\t\t<\/div>\n\t\t","protected":false},"excerpt":{"rendered":"<p>CONTACTO apassantafe@gmail.com Alvear 4273 Facebook Youtube Whatsapp Instagram<\/p>\n","protected":false},"author":1,"featured_media":0,"parent":0,"menu_order":0,"comment_status":"closed","ping_status":"closed","template":"","meta":{"footnotes":""},"class_list":["post-61","page","type-page","status-publish","hentry"],"_links":{"self":[{"href":"https:\/\/apassantafe.com.ar\/site\/wp-json\/wp\/v2\/pages\/61","targetHints":{"allow":["GET"]}}],"collection":[{"href":"https:\/\/apassantafe.com.ar\/site\/wp-json\/wp\/v2\/pages"}],"about":[{"href":"https:\/\/apassantafe.com.ar\/site\/wp-json\/wp\/v2\/types\/page"}],"author":[{"embeddable":true,"href":"https:\/\/apassantafe.com.ar\/site\/wp-json\/wp\/v2\/users\/1"}],"replies":[{"embeddable":true,"href":"https:\/\/apassantafe.com.ar\/site\/wp-json\/wp\/v2\/comments?post=61"}],"version-history":[{"count":111,"href":"https:\/\/apassantafe.com.ar\/site\/wp-json\/wp\/v2\/pages\/61\/revisions"}],"predecessor-version":[{"id":1793,"href":"https:\/\/apassantafe.com.ar\/site\/wp-json\/wp\/v2\/pages\/61\/revisions\/1793"}],"wp:attachment":[{"href":"https:\/\/apassantafe.com.ar\/site\/wp-json\/wp\/v2\/media?parent=61"}],"curies":[{"name":"wp","href":"https:\/\/api.w.org\/{rel}","templated":true}]}}